{"id":120476,"date":"2024-09-18T15:00:14","date_gmt":"2024-09-18T14:00:15","guid":{"rendered":"https:\/\/sibeag.ch\/?post_type=product&#038;p=120476"},"modified":"2024-11-07T12:03:29","modified_gmt":"2024-11-07T11:03:29","slug":"visualisation-du-parcours-de-golf-mygreen-3d-kopie","status":"publish","type":"product","link":"https:\/\/sibeag.ch\/fr\/club-house\/visualisation-en-3d\/green-book-fr\/visualisation-du-parcours-de-golf-mygreen-3d-kopie\/","title":{"rendered":"Green Book"},"content":{"rendered":"","protected":false},"excerpt":{"rendered":"<h1>Green Book<\/h1>\n<p>Nos Green Books fournissent aux golfeurs et \u00e0 leurs caddies des informations d\u00e9taill\u00e9es sur les pentes des greens, obtenues \u00e0 partir de scans de haute pr\u00e9cision, afin de leur permettre d&rsquo;am\u00e9liorer leurs performances et leur avantage concurrentiel. Les scanners laser 3D fournissent une pr\u00e9cision de +\/- 1 mm pour les greens. Chaque scan est compos\u00e9 de plusieurs millions de points laser individuels, qui sont ensuite combin\u00e9s et convertis en images de greens \u00e0 l&rsquo;aide de notre propre logiciel prim\u00e9.<\/p>\n<p>&nbsp;<\/p>\n<p>&nbsp;<\/p>\n","protected":false},"featured_media":120537,"template":"","meta":{"_acf_changed":false},"product_brand":[],"product_cat":[962,2757,2938],"product_tag":[2939],"class_list":{"0":"entry","1":"author-sibeag","2":"has-excerpt","3":"post-120476","4":"product","5":"type-product","6":"status-publish","7":"has-post-thumbnail","8":"product_cat-club-house","9":"product_cat-visualisation-en-3d","10":"product_cat-green-book-fr","11":"product_tag-sur-demande","13":"first","14":"instock","15":"taxable","16":"shipping-taxable","17":"product-type-simple"},"acf":[],"_links":{"self":[{"href":"https:\/\/sibeag.ch\/fr\/wp-json\/wp\/v2\/product\/120476","targetHints":{"allow":["GET"]}}],"collection":[{"href":"https:\/\/sibeag.ch\/fr\/wp-json\/wp\/v2\/product"}],"about":[{"href":"https:\/\/sibeag.ch\/fr\/wp-json\/wp\/v2\/types\/product"}],"wp:featuredmedia":[{"embeddable":true,"href":"https:\/\/sibeag.ch\/fr\/wp-json\/wp\/v2\/media\/120537"}],"wp:attachment":[{"href":"https:\/\/sibeag.ch\/fr\/wp-json\/wp\/v2\/media?parent=120476"}],"wp:term":[{"taxonomy":"product_brand","embeddable":true,"href":"https:\/\/sibeag.ch\/fr\/wp-json\/wp\/v2\/product_brand?post=120476"},{"taxonomy":"product_cat","embeddable":true,"href":"https:\/\/sibeag.ch\/fr\/wp-json\/wp\/v2\/product_cat?post=120476"},{"taxonomy":"product_tag","embeddable":true,"href":"https:\/\/sibeag.ch\/fr\/wp-json\/wp\/v2\/product_tag?post=120476"}],"curies":[{"name":"wp","href":"https:\/\/api.w.org\/{rel}","templated":true}]}}