{"id":120488,"date":"2024-09-18T15:03:57","date_gmt":"2024-09-18T14:03:57","guid":{"rendered":"https:\/\/sibeag.ch\/?post_type=product&#038;p=120488"},"modified":"2026-02-18T16:48:30","modified_gmt":"2026-02-18T15:48:30","slug":"outil-releve-pitch-kopie","status":"publish","type":"product","link":"https:\/\/sibeag.ch\/fr\/greenkeeping-fr\/traitement-des-greens\/outils-de-reparation\/outil-releve-pitch-kopie\/","title":{"rendered":"Pelle \u00e0 terre"},"content":{"rendered":"","protected":false},"excerpt":{"rendered":"<p><img loading=\"lazy\" decoding=\"async\" class=\"alignright wp-image-3355 bms-logo\" src=\"https:\/\/www.sibeag.ch\/wp-content\/uploads\/bms-logo.jpg\" alt=\"Logo BMS\" width=\"149\" height=\"73\"><\/p>\n<h1>Pelle \u00e0 terre<\/h1>\n<p>Cette b\u00eache \u00e0 semis est id\u00e9ale pour enlever les semis ou couper les racines. Elle permet de remplacer le gazon sans endommager les surfaces environnantes.<\/p>\n<p>&nbsp;<\/p>\n<p>&nbsp;<\/p>\n","protected":false},"featured_media":120490,"template":"","meta":{"_acf_changed":false},"product_brand":[],"product_cat":[1001,1028,1113,1025,2819],"product_tag":[],"class_list":{"0":"entry","1":"author-sibeag","2":"has-excerpt","3":"post-120488","4":"product","5":"type-product","6":"status-publish","7":"has-post-thumbnail","8":"product_cat-greenkeeping-fr","9":"product_cat-traitement-des-greens","10":"product_cat-outils-de-reparation","11":"product_cat-outils-dentretien","12":"product_cat-marques-de-pitch","13":"product_shipping_class-objets-encombrants","15":"first","16":"instock","17":"taxable","18":"shipping-taxable","19":"purchasable","20":"product-type-simple"},"acf":[],"_links":{"self":[{"href":"https:\/\/sibeag.ch\/fr\/wp-json\/wp\/v2\/product\/120488","targetHints":{"allow":["GET"]}}],"collection":[{"href":"https:\/\/sibeag.ch\/fr\/wp-json\/wp\/v2\/product"}],"about":[{"href":"https:\/\/sibeag.ch\/fr\/wp-json\/wp\/v2\/types\/product"}],"wp:featuredmedia":[{"embeddable":true,"href":"https:\/\/sibeag.ch\/fr\/wp-json\/wp\/v2\/media\/120490"}],"wp:attachment":[{"href":"https:\/\/sibeag.ch\/fr\/wp-json\/wp\/v2\/media?parent=120488"}],"wp:term":[{"taxonomy":"product_brand","embeddable":true,"href":"https:\/\/sibeag.ch\/fr\/wp-json\/wp\/v2\/product_brand?post=120488"},{"taxonomy":"product_cat","embeddable":true,"href":"https:\/\/sibeag.ch\/fr\/wp-json\/wp\/v2\/product_cat?post=120488"},{"taxonomy":"product_tag","embeddable":true,"href":"https:\/\/sibeag.ch\/fr\/wp-json\/wp\/v2\/product_tag?post=120488"}],"curies":[{"name":"wp","href":"https:\/\/api.w.org\/{rel}","templated":true}]}}