{"id":120759,"date":"2019-02-20T12:20:11","date_gmt":"2024-11-30T08:23:47","guid":{"rendered":"https:\/\/sibeag.ch\/non class\u00e9\/buse-de-drainage-drain-blaster\/"},"modified":"2026-02-18T17:21:52","modified_gmt":"2026-02-18T16:21:52","slug":"buse-de-drainage-drain-blaster","status":"publish","type":"product","link":"https:\/\/sibeag.ch\/fr\/greenkeeping-fr\/arrosage\/buses\/buse-de-drainage-drain-blaster\/","title":{"rendered":"Buse de drainage Drain Blaster"},"content":{"rendered":"","protected":false},"excerpt":{"rendered":"<p><img decoding=\"async\" class=\"alignright size-medium wp-image-3355 underhill-logo\" src=\"https:\/\/www.sibeag.ch\/wp-content\/uploads\/logo-underhill.png\" alt=\"Logo Underhill\" width=\"112\"><\/p>\n<h1>Buse de drainage Drain Blaster<\/h1>\n<ul>\n<li>buse id\u00e9ale pour le nettoyage des canalisations<\/li>\n<li>t\u00eate de buse massive en acier chrom\u00e9<\/li>\n<li>l&rsquo;eau jaillit sur les c\u00f4t\u00e9s et \u00e0 l&rsquo;avant<\/li>\n<li>pression d&rsquo;eau recommand\u00e9e 4.8 Bar<\/li>\n<\/ul>\n","protected":false},"featured_media":17873,"template":"","meta":{"_acf_changed":false},"product_brand":[],"product_cat":[1001,1083,2792],"product_tag":[],"class_list":{"0":"entry","1":"author-sibeag","2":"has-excerpt","3":"post-120759","4":"product","5":"type-product","6":"status-publish","7":"has-post-thumbnail","8":"product_cat-greenkeeping-fr","9":"product_cat-arrosage","10":"product_cat-buses","12":"first","13":"instock","14":"taxable","15":"shipping-taxable","16":"purchasable","17":"product-type-variable"},"acf":[],"_links":{"self":[{"href":"https:\/\/sibeag.ch\/fr\/wp-json\/wp\/v2\/product\/120759","targetHints":{"allow":["GET"]}}],"collection":[{"href":"https:\/\/sibeag.ch\/fr\/wp-json\/wp\/v2\/product"}],"about":[{"href":"https:\/\/sibeag.ch\/fr\/wp-json\/wp\/v2\/types\/product"}],"wp:featuredmedia":[{"embeddable":true,"href":"https:\/\/sibeag.ch\/fr\/wp-json\/wp\/v2\/media\/17873"}],"wp:attachment":[{"href":"https:\/\/sibeag.ch\/fr\/wp-json\/wp\/v2\/media?parent=120759"}],"wp:term":[{"taxonomy":"product_brand","embeddable":true,"href":"https:\/\/sibeag.ch\/fr\/wp-json\/wp\/v2\/product_brand?post=120759"},{"taxonomy":"product_cat","embeddable":true,"href":"https:\/\/sibeag.ch\/fr\/wp-json\/wp\/v2\/product_cat?post=120759"},{"taxonomy":"product_tag","embeddable":true,"href":"https:\/\/sibeag.ch\/fr\/wp-json\/wp\/v2\/product_tag?post=120759"}],"curies":[{"name":"wp","href":"https:\/\/api.w.org\/{rel}","templated":true}]}}