{"id":120773,"date":"2024-12-04T07:04:05","date_gmt":"2024-12-04T06:04:05","guid":{"rendered":"https:\/\/sibeag.ch\/?post_type=product&#038;p=120773"},"modified":"2025-08-25T07:25:38","modified_gmt":"2025-08-25T06:25:38","slug":"holecutter-hio-xact-kopie","status":"publish","type":"product","link":"https:\/\/sibeag.ch\/fr\/parcours-de-golf\/depart\/marques-de-depart\/holecutter-hio-xact-kopie\/","title":{"rendered":"Holecutter HiO XACT (Kopie)"},"content":{"rendered":"","protected":false},"excerpt":{"rendered":"<p><img loading=\"lazy\" decoding=\"async\" class=\"alignright size-medium wp-image-3355 paraide-logo\" src=\"https:\/\/sibeag.ch\/wp-content\/uploads\/ParAide-Logo-50x50.jpg\" alt=\"Logo Par Aide\" width=\"50\" height=\"50\"><\/p>\n<h1>Holecutter HiO XACT<\/h1>\n<p>Le nouveau holecutter HiO XACT a \u00e9t\u00e9 d\u00e9velopp\u00e9 gr\u00e2ce \u00e0 la collaboration entre Par Aide et BMS Products et repr\u00e9sente une innovation r\u00e9volutionnaire. Les mat\u00e9riaux high-tech assurent une construction robuste et durable, tout en r\u00e9duisant le poids au minimum. La conception sup\u00e9rieure et optimis\u00e9e minimise \u00e9galement les points d&rsquo;usure traditionnels du holecutter afin d&rsquo;augmenter la long\u00e9vit\u00e9 et la fiabilit\u00e9 et vous offre une solution plus durable et plus \u00e9conomique.  <\/p>\n<ul>\n<li>Syst\u00e8me \u00e0 cliquet pour un retrait facile des plugs<\/li>\n<li>Trois rails de guidage lin\u00e9aires garantissent un fonctionnement pr\u00e9cis, fluide et r\u00e9gulier<\/li>\n<li>Syst\u00e8me de verrouillage r\u00e9volutionnaire \u00e0 trois voies<\/li>\n<li>Niveau \u00e0 bulle int\u00e9gr\u00e9<\/li>\n<li>Poign\u00e9es confortables<\/li>\n<li>Technologie de lame am\u00e9lior\u00e9e<\/li>\n<\/ul>\n","protected":false},"featured_media":120783,"template":"","meta":{"_acf_changed":false},"product_brand":[],"product_cat":[961,966,1009,1001],"product_tag":[2939],"class_list":{"0":"entry","1":"author-sibeag","2":"has-excerpt","3":"post-120773","4":"product","5":"type-product","6":"status-publish","7":"has-post-thumbnail","8":"product_cat-parcours-de-golf","9":"product_cat-depart","10":"product_cat-marques-de-depart","11":"product_cat-greenkeeping-fr","12":"product_tag-sur-demande","14":"first","15":"instock","16":"taxable","17":"shipping-taxable","18":"purchasable","19":"product-type-simple"},"acf":[],"_links":{"self":[{"href":"https:\/\/sibeag.ch\/fr\/wp-json\/wp\/v2\/product\/120773","targetHints":{"allow":["GET"]}}],"collection":[{"href":"https:\/\/sibeag.ch\/fr\/wp-json\/wp\/v2\/product"}],"about":[{"href":"https:\/\/sibeag.ch\/fr\/wp-json\/wp\/v2\/types\/product"}],"wp:featuredmedia":[{"embeddable":true,"href":"https:\/\/sibeag.ch\/fr\/wp-json\/wp\/v2\/media\/120783"}],"wp:attachment":[{"href":"https:\/\/sibeag.ch\/fr\/wp-json\/wp\/v2\/media?parent=120773"}],"wp:term":[{"taxonomy":"product_brand","embeddable":true,"href":"https:\/\/sibeag.ch\/fr\/wp-json\/wp\/v2\/product_brand?post=120773"},{"taxonomy":"product_cat","embeddable":true,"href":"https:\/\/sibeag.ch\/fr\/wp-json\/wp\/v2\/product_cat?post=120773"},{"taxonomy":"product_tag","embeddable":true,"href":"https:\/\/sibeag.ch\/fr\/wp-json\/wp\/v2\/product_tag?post=120773"}],"curies":[{"name":"wp","href":"https:\/\/api.w.org\/{rel}","templated":true}]}}