{"id":120805,"date":"2024-12-06T12:00:22","date_gmt":"2024-12-06T11:00:22","guid":{"rendered":"https:\/\/sibeag.ch\/?post_type=product&#038;p=120805"},"modified":"2026-02-18T16:48:31","modified_gmt":"2026-02-18T15:48:31","slug":"lame-de-rechange-pour-holecutter-shole","status":"publish","type":"product","link":"https:\/\/sibeag.ch\/fr\/greenkeeping-fr\/traitement-des-greens\/hole-cutters-accessoires\/lame-de-rechange-pour-holecutter-shole\/","title":{"rendered":"Lame de remplacement pour holecutter Shole"},"content":{"rendered":"","protected":false},"excerpt":{"rendered":"<p><img loading=\"lazy\" decoding=\"async\" class=\"alignright size-medium wp-image-3355 paraide-logo\" src=\"https:\/\/www.sibeag.ch\/wp-content\/uploads\/tacitlogo1.png\" alt=\"Logo Par Aide\" width=\"50\" height=\"50\"><\/p>\n<h1>Lame de remplacement pour holecutter Shole<\/h1>\n<ul>\n<li>Lame crant\u00e9 \u00e0 l&rsquo;int\u00e9rieur<\/li>\n<li>compatible avec le <a href=\"https:\/\/sibeag.ch\/greenkeeping\/gruenpflege\/lochstecher-zubehoer\/lochstecher-shole\/\">Holecutter Shole<\/a> de Tacit<\/li>\n<\/ul>\n","protected":false},"featured_media":120807,"template":"","meta":{"_acf_changed":false},"product_brand":[],"product_cat":[1001,1028,1024,2788],"product_tag":[],"class_list":{"0":"entry","1":"author-sibeag","2":"has-excerpt","3":"post-120805","4":"product","5":"type-product","6":"status-publish","7":"has-post-thumbnail","8":"product_cat-greenkeeping-fr","9":"product_cat-traitement-des-greens","10":"product_cat-hole-cutters-accessoires","11":"product_cat-holecutter","13":"first","14":"instock","15":"taxable","16":"shipping-taxable","17":"purchasable","18":"product-type-simple"},"acf":[],"_links":{"self":[{"href":"https:\/\/sibeag.ch\/fr\/wp-json\/wp\/v2\/product\/120805","targetHints":{"allow":["GET"]}}],"collection":[{"href":"https:\/\/sibeag.ch\/fr\/wp-json\/wp\/v2\/product"}],"about":[{"href":"https:\/\/sibeag.ch\/fr\/wp-json\/wp\/v2\/types\/product"}],"wp:featuredmedia":[{"embeddable":true,"href":"https:\/\/sibeag.ch\/fr\/wp-json\/wp\/v2\/media\/120807"}],"wp:attachment":[{"href":"https:\/\/sibeag.ch\/fr\/wp-json\/wp\/v2\/media?parent=120805"}],"wp:term":[{"taxonomy":"product_brand","embeddable":true,"href":"https:\/\/sibeag.ch\/fr\/wp-json\/wp\/v2\/product_brand?post=120805"},{"taxonomy":"product_cat","embeddable":true,"href":"https:\/\/sibeag.ch\/fr\/wp-json\/wp\/v2\/product_cat?post=120805"},{"taxonomy":"product_tag","embeddable":true,"href":"https:\/\/sibeag.ch\/fr\/wp-json\/wp\/v2\/product_tag?post=120805"}],"curies":[{"name":"wp","href":"https:\/\/api.w.org\/{rel}","templated":true}]}}