{"id":121083,"date":"2025-04-02T12:15:11","date_gmt":"2025-04-02T11:15:11","guid":{"rendered":"https:\/\/sibeag.ch\/?post_type=product&#038;p=121083"},"modified":"2025-04-02T12:17:12","modified_gmt":"2025-04-02T11:17:12","slug":"separateur-promo-kopie","status":"publish","type":"product","link":"https:\/\/sibeag.ch\/fr\/club-house\/entree\/poubelle\/separateur-promo-kopie\/","title":{"rendered":"S\u00e9parateur Promo (Kopie)"},"content":{"rendered":"","protected":false},"excerpt":{"rendered":"<h1>S\u00e9parateur Promo<\/h1>\n<ul>\n<li>145 x 75 cm (L x H)<\/li>\n<li>Cadre en alu avec 2 poteaux en plastique recycl\u00e9e<\/li>\n<li>B\u00e2che promotionnelle avec impression selon vos donn\u00e9es (1-c\u00f4t\u00e9 ou 2-c\u00f4t\u00e9s)<\/li>\n<\/ul>\n","protected":false},"featured_media":121085,"template":"","meta":{"_acf_changed":false},"product_brand":[],"product_cat":[962,2762,963,961,966,967],"product_tag":[2939],"class_list":{"0":"entry","1":"author-sibeag","2":"has-excerpt","3":"post-121083","4":"product","5":"type-product","6":"status-publish","7":"has-post-thumbnail","8":"product_cat-club-house","9":"product_cat-entree","10":"product_cat-poubelle","11":"product_cat-parcours-de-golf","12":"product_cat-depart","13":"product_cat-poubelles","14":"product_tag-sur-demande","16":"first","17":"instock","18":"taxable","19":"shipping-taxable","20":"purchasable","21":"product-type-simple"},"acf":[],"_links":{"self":[{"href":"https:\/\/sibeag.ch\/fr\/wp-json\/wp\/v2\/product\/121083","targetHints":{"allow":["GET"]}}],"collection":[{"href":"https:\/\/sibeag.ch\/fr\/wp-json\/wp\/v2\/product"}],"about":[{"href":"https:\/\/sibeag.ch\/fr\/wp-json\/wp\/v2\/types\/product"}],"wp:featuredmedia":[{"embeddable":true,"href":"https:\/\/sibeag.ch\/fr\/wp-json\/wp\/v2\/media\/121085"}],"wp:attachment":[{"href":"https:\/\/sibeag.ch\/fr\/wp-json\/wp\/v2\/media?parent=121083"}],"wp:term":[{"taxonomy":"product_brand","embeddable":true,"href":"https:\/\/sibeag.ch\/fr\/wp-json\/wp\/v2\/product_brand?post=121083"},{"taxonomy":"product_cat","embeddable":true,"href":"https:\/\/sibeag.ch\/fr\/wp-json\/wp\/v2\/product_cat?post=121083"},{"taxonomy":"product_tag","embeddable":true,"href":"https:\/\/sibeag.ch\/fr\/wp-json\/wp\/v2\/product_tag?post=121083"}],"curies":[{"name":"wp","href":"https:\/\/api.w.org\/{rel}","templated":true}]}}