{"id":121213,"date":"2025-06-28T05:22:22","date_gmt":"2025-06-28T04:22:23","guid":{"rendered":"https:\/\/sibeag.ch\/?post_type=product&#038;p=121213"},"modified":"2025-06-28T05:45:11","modified_gmt":"2025-06-28T04:45:11","slug":"distributeur-de-balles-ultima-12-pour-12000-balles-kopie","status":"publish","type":"product","link":"https:\/\/sibeag.ch\/fr\/practice-driving-range\/systeme-de-gestion-de-balles\/distributeurs-de-balles\/distributeur-de-balles-ultima-12-pour-12000-balles-kopie\/","title":{"rendered":"Distributeur de balles Ultima 12, pour 12&rsquo;000 balles (Kopie)"},"content":{"rendered":"","protected":false},"excerpt":{"rendered":"<p><img decoding=\"async\" class=\"alignright size-medium wp-image-3355 range-servant-logo\" src=\"https:\/\/sibeag.ch\/wp-content\/uploads\/.\/range-servant-logo.jpg\" alt=\"Logo Range Servant\"><\/p>\n<h1>Distributeur de balles Ultima 12, pour 12&rsquo;000 balles<\/h1>\n<p>Tous les distributeurs de balles Ultima sont en m\u00e9tal inoxydable. \u00c9quip\u00e9 avec un m\u00e9canisme de comptage des balles \u00e0 faisceau laser, chaque balle est compt\u00e9 pour d\u00e9livrer la quantit\u00e9 de balles pr\u00e9vue \u00e0 chaque utilisation.<\/p>\n<ul>\n<li>1012 x 760 x 2056 mm (L x P x H)<\/li>\n<li>capacit\u00e9 de 12&rsquo;000 balles<\/li>\n<li>inclus: monnayeur \u00e0 jetons<\/li>\n<\/ul>\n","protected":false},"featured_media":121221,"template":"","meta":{"_acf_changed":false},"product_brand":[],"product_cat":[964,1084,1133],"product_tag":[1926,2939],"class_list":{"0":"entry","1":"author-sibeag","2":"has-excerpt","3":"post-121213","4":"product","5":"type-product","6":"status-publish","7":"has-post-thumbnail","8":"product_cat-practice-driving-range","9":"product_cat-distributeurs-de-balles","10":"product_cat-distributeur-de-balles-ultima","11":"product_tag-distributeurs-de-balles","12":"product_tag-sur-demande","14":"first","15":"instock","16":"taxable","17":"shipping-taxable","18":"purchasable","19":"product-type-simple"},"acf":[],"_links":{"self":[{"href":"https:\/\/sibeag.ch\/fr\/wp-json\/wp\/v2\/product\/121213","targetHints":{"allow":["GET"]}}],"collection":[{"href":"https:\/\/sibeag.ch\/fr\/wp-json\/wp\/v2\/product"}],"about":[{"href":"https:\/\/sibeag.ch\/fr\/wp-json\/wp\/v2\/types\/product"}],"wp:featuredmedia":[{"embeddable":true,"href":"https:\/\/sibeag.ch\/fr\/wp-json\/wp\/v2\/media\/121221"}],"wp:attachment":[{"href":"https:\/\/sibeag.ch\/fr\/wp-json\/wp\/v2\/media?parent=121213"}],"wp:term":[{"taxonomy":"product_brand","embeddable":true,"href":"https:\/\/sibeag.ch\/fr\/wp-json\/wp\/v2\/product_brand?post=121213"},{"taxonomy":"product_cat","embeddable":true,"href":"https:\/\/sibeag.ch\/fr\/wp-json\/wp\/v2\/product_cat?post=121213"},{"taxonomy":"product_tag","embeddable":true,"href":"https:\/\/sibeag.ch\/fr\/wp-json\/wp\/v2\/product_tag?post=121213"}],"curies":[{"name":"wp","href":"https:\/\/api.w.org\/{rel}","templated":true}]}}