{"id":12123,"date":"2019-01-25T08:26:16","date_gmt":"2019-02-06T16:47:40","guid":{"rendered":"https:\/\/www.sibeag.ch\/shop\/non%20class\u00e9\/rateau-anti-pierres-magnum\/"},"modified":"2026-02-18T16:54:52","modified_gmt":"2026-02-18T15:54:52","slug":"rateau-dentretien-anti-pierres-magnum","status":"publish","type":"product","link":"https:\/\/sibeag.ch\/fr\/greenkeeping-fr\/outils-dentretien\/rateaux-de-bunker\/rateau-dentretien-anti-pierres-magnum\/","title":{"rendered":"R\u00e2teau anti-pierres Magnum"},"content":{"rendered":"","protected":false},"excerpt":{"rendered":"<p><img loading=\"lazy\" decoding=\"async\" class=\"alignright size-full wp-image-184\" src=\"https:\/\/www.sibeag.ch\/wp-content\/uploads\/Standard-Golf-Logo.jpg\" alt=\"Standard Golf Logo\" width=\"112\" height=\"30\"><\/p>\n<h1>R\u00e2teau anti-pierres Magnum<\/h1>\n<p>Les dents sur la partie inf\u00e9rieure aide \u00e0 retirer les pierres et enlever les impuret\u00e9s. Utiliser le dos du r\u00e2teau pour aplanir.<\/p>\n<ul>\n<li>avec manche droit de 168 cm de long<\/li>\n<li>T\u00eate de r\u00e2teau en alu<\/li>\n<\/ul>\n","protected":false},"featured_media":8952,"template":"","meta":{"_acf_changed":false},"product_brand":[],"product_cat":[1001,1002],"product_tag":[],"class_list":{"0":"entry","1":"author-sibegolf","2":"has-excerpt","3":"post-12123","4":"product","5":"type-product","6":"status-publish","7":"has-post-thumbnail","8":"product_cat-greenkeeping-fr","9":"product_cat-rateaux-de-bunker","10":"product_shipping_class-objets-encombrants","12":"first","13":"instock","14":"taxable","15":"shipping-taxable","16":"purchasable","17":"product-type-variable"},"acf":[],"_links":{"self":[{"href":"https:\/\/sibeag.ch\/fr\/wp-json\/wp\/v2\/product\/12123","targetHints":{"allow":["GET"]}}],"collection":[{"href":"https:\/\/sibeag.ch\/fr\/wp-json\/wp\/v2\/product"}],"about":[{"href":"https:\/\/sibeag.ch\/fr\/wp-json\/wp\/v2\/types\/product"}],"wp:featuredmedia":[{"embeddable":true,"href":"https:\/\/sibeag.ch\/fr\/wp-json\/wp\/v2\/media\/8952"}],"wp:attachment":[{"href":"https:\/\/sibeag.ch\/fr\/wp-json\/wp\/v2\/media?parent=12123"}],"wp:term":[{"taxonomy":"product_brand","embeddable":true,"href":"https:\/\/sibeag.ch\/fr\/wp-json\/wp\/v2\/product_brand?post=12123"},{"taxonomy":"product_cat","embeddable":true,"href":"https:\/\/sibeag.ch\/fr\/wp-json\/wp\/v2\/product_cat?post=12123"},{"taxonomy":"product_tag","embeddable":true,"href":"https:\/\/sibeag.ch\/fr\/wp-json\/wp\/v2\/product_tag?post=12123"}],"curies":[{"name":"wp","href":"https:\/\/api.w.org\/{rel}","templated":true}]}}