{"id":121233,"date":"2025-06-28T06:05:57","date_gmt":"2025-06-28T05:05:59","guid":{"rendered":"https:\/\/sibeag.ch\/?post_type=product&#038;p=121233"},"modified":"2025-06-28T06:38:23","modified_gmt":"2025-06-28T05:38:23","slug":"distributeur-de-balles-ultima-12-pour-12000-balles-kopie-kopie-kopie-kopie","status":"publish","type":"product","link":"https:\/\/sibeag.ch\/fr\/practice-driving-range\/systeme-de-gestion-de-balles\/distributeurs-de-balles\/distributeur-de-balles-ultima-12-pour-12000-balles-kopie-kopie-kopie-kopie\/","title":{"rendered":"Machine \u00e0 balles Derri\u00e8re le Mur Ultima 40-45, pour jusqu\u2019\u00e0 40 000 balles"},"content":{"rendered":"","protected":false},"excerpt":{"rendered":"<p><img decoding=\"async\" class=\"alignright size-medium wp-image-3355 range-servant-logo\" src=\"https:\/\/sibeag.ch\/wp-content\/uploads\/.\/range-servant-logo.jpg\" alt=\"Logo Range Servant\"><\/p>\n<h1>Machine \u00e0 balles Behind the Wall Ultima 40-45, pour jusqu\u2019\u00e0 40 000 balles<\/h1>\n<p data-start=\"284\" data-end=\"541\">Les machines \u00e0 balles Behind the Wall de Range Servant sont install\u00e9es derri\u00e8re un mur pour \u00e9conomiser de l\u2019espace et distribuent les balles vers l\u2019avant \u00e0 travers une goulotte de sortie librement pla\u00e7able.<\/p>\n<ul>\n<li>Montage derri\u00e8re le mur (BTW = Behind the Wall) pour une int\u00e9gration discr\u00e8te<\/li>\n<li>Capacit\u00e9 de balle : environ 40 000 balles de golf \u2013 id\u00e9al pour les champs de tir tr\u00e8s fr\u00e9quent\u00e9s<\/li>\n<li>Sortie d\u2019une seule boule via un capteur photo (1 \u00e0 999 billes librement programmables)<\/li>\n<li>Construction robuste en aluminium et en acier galvanis\u00e9 &#8211; r\u00e9sistante aux intemp\u00e9ries et durable<\/li>\n<li>Montage mural flexible gr\u00e2ce au rail de sortie r\u00e9glable<\/li>\n<li>Configurable de mani\u00e8re flexible pour diff\u00e9rents syst\u00e8mes de paiement<\/li>\n<li>R\u00e9duit les co\u00fbts de personnel, augmente l\u2019efficacit\u00e9 et le confort de l\u2019utilisateur<\/li>\n<li>Int\u00e9gration transparente dans les syst\u00e8mes de gestion de balle enti\u00e8rement automatis\u00e9s<\/li>\n<li>3050 x 772 x 2100 mm (L x P x H)<\/li>\n<\/ul>\n","protected":false},"featured_media":121235,"template":"","meta":{"_acf_changed":false},"product_brand":[2976],"product_cat":[964,1084,2977,1133],"product_tag":[1926,2939],"class_list":{"0":"entry","1":"author-sibeag","2":"has-excerpt","3":"post-121233","4":"product","5":"type-product","6":"status-publish","7":"has-post-thumbnail","8":"product_brand-range-servant","9":"product_cat-practice-driving-range","10":"product_cat-distributeurs-de-balles","11":"product_cat-machine-a-balles-derriere-le-mur","12":"product_cat-distributeur-de-balles-ultima","13":"product_tag-distributeurs-de-balles","14":"product_tag-sur-demande","16":"first","17":"instock","18":"taxable","19":"shipping-taxable","20":"purchasable","21":"product-type-simple"},"acf":[],"_links":{"self":[{"href":"https:\/\/sibeag.ch\/fr\/wp-json\/wp\/v2\/product\/121233","targetHints":{"allow":["GET"]}}],"collection":[{"href":"https:\/\/sibeag.ch\/fr\/wp-json\/wp\/v2\/product"}],"about":[{"href":"https:\/\/sibeag.ch\/fr\/wp-json\/wp\/v2\/types\/product"}],"wp:featuredmedia":[{"embeddable":true,"href":"https:\/\/sibeag.ch\/fr\/wp-json\/wp\/v2\/media\/121235"}],"wp:attachment":[{"href":"https:\/\/sibeag.ch\/fr\/wp-json\/wp\/v2\/media?parent=121233"}],"wp:term":[{"taxonomy":"product_brand","embeddable":true,"href":"https:\/\/sibeag.ch\/fr\/wp-json\/wp\/v2\/product_brand?post=121233"},{"taxonomy":"product_cat","embeddable":true,"href":"https:\/\/sibeag.ch\/fr\/wp-json\/wp\/v2\/product_cat?post=121233"},{"taxonomy":"product_tag","embeddable":true,"href":"https:\/\/sibeag.ch\/fr\/wp-json\/wp\/v2\/product_tag?post=121233"}],"curies":[{"name":"wp","href":"https:\/\/api.w.org\/{rel}","templated":true}]}}