{"id":12136,"date":"2019-01-25T08:26:38","date_gmt":"2019-02-06T16:50:45","guid":{"rendered":"https:\/\/www.sibeag.ch\/shop\/non%20class\u00e9\/rouleau-a-pointes-magnum\/"},"modified":"2026-02-18T16:54:56","modified_gmt":"2026-02-18T15:54:56","slug":"rouleau-a-pointes-magnum","status":"publish","type":"product","link":"https:\/\/sibeag.ch\/fr\/greenkeeping-fr\/traitement-des-greens\/aeration-du-sol\/rouleau-a-pointes-magnum\/","title":{"rendered":"Rouleau \u00e0 pointes Magnum"},"content":{"rendered":"","protected":false},"excerpt":{"rendered":"<p><img loading=\"lazy\" decoding=\"async\" class=\"alignright size-medium wp-image-3355\" src=\"https:\/\/www.sibeag.ch\/wp-content\/uploads\/StandardGolf_Logo-300x83.jpg\" alt=\"Logo Standard Golf\" width=\"112\" height=\"31\"><\/p>\n<h1>Rouleau \u00e0 pointes Magnum<\/h1>\n<p>L&rsquo;outil id\u00e9al pour pr\u00e9parer vos zones de semis ou a\u00e9rer les Greens et d\u00e9parts<\/p>\n<ul>\n<li>rouleau en plastique avec des pointes de 1.1 cm<\/li>\n<li>manche incurv\u00e9 de fa\u00e7on ergonomique, 146 cm de long<\/li>\n<\/ul>\n","protected":false},"featured_media":9142,"template":"","meta":{"_acf_changed":false},"product_brand":[],"product_cat":[1001,1028,2801,1025,2956,2818],"product_tag":[],"class_list":{"0":"entry","1":"author-sibegolf","2":"has-excerpt","3":"post-12136","4":"product","5":"type-product","6":"status-publish","7":"has-post-thumbnail","8":"product_cat-greenkeeping-fr","9":"product_cat-traitement-des-greens","10":"product_cat-aeration-du-sol","11":"product_cat-outils-dentretien","12":"product_cat-aeration","13":"product_cat-reensemencement","14":"product_shipping_class-objets-encombrants","16":"first","17":"instock","18":"taxable","19":"shipping-taxable","20":"purchasable","21":"product-type-variable"},"acf":[],"_links":{"self":[{"href":"https:\/\/sibeag.ch\/fr\/wp-json\/wp\/v2\/product\/12136","targetHints":{"allow":["GET"]}}],"collection":[{"href":"https:\/\/sibeag.ch\/fr\/wp-json\/wp\/v2\/product"}],"about":[{"href":"https:\/\/sibeag.ch\/fr\/wp-json\/wp\/v2\/types\/product"}],"wp:featuredmedia":[{"embeddable":true,"href":"https:\/\/sibeag.ch\/fr\/wp-json\/wp\/v2\/media\/9142"}],"wp:attachment":[{"href":"https:\/\/sibeag.ch\/fr\/wp-json\/wp\/v2\/media?parent=12136"}],"wp:term":[{"taxonomy":"product_brand","embeddable":true,"href":"https:\/\/sibeag.ch\/fr\/wp-json\/wp\/v2\/product_brand?post=12136"},{"taxonomy":"product_cat","embeddable":true,"href":"https:\/\/sibeag.ch\/fr\/wp-json\/wp\/v2\/product_cat?post=12136"},{"taxonomy":"product_tag","embeddable":true,"href":"https:\/\/sibeag.ch\/fr\/wp-json\/wp\/v2\/product_tag?post=12136"}],"curies":[{"name":"wp","href":"https:\/\/api.w.org\/{rel}","templated":true}]}}