{"id":121443,"date":"2025-10-30T19:47:42","date_gmt":"2025-10-30T18:47:42","guid":{"rendered":"https:\/\/sibeag.ch\/?post_type=product&#038;p=121443"},"modified":"2025-10-30T20:07:46","modified_gmt":"2025-10-30T19:07:46","slug":"baguette-a-rosee-tacit","status":"publish","type":"product","link":"https:\/\/sibeag.ch\/fr\/greenkeeping-fr\/traitement-des-greens\/appareils-rosee\/baguette-a-rosee-tacit\/","title":{"rendered":"Baguette \u00e0 ros\u00e9e Tacit Low Pressure Curved Switch"},"content":{"rendered":"","protected":false},"excerpt":{"rendered":"<p><img loading=\"lazy\" decoding=\"async\" class=\"alignright size-medium wp-image-3355 paraide-logo\" src=\"https:\/\/sibeag.ch\/wp-content\/uploads\/.\/tacitlogo1.png\" alt=\"Logo Par Aide\" width=\"50\" height=\"50\" \/><\/p>\n<h1>Baguette \u00e0 ros\u00e9e Tacit Low Pressure Curved Switch<\/h1>\n<ul>\n<li data-start=\"0\" data-end=\"59\">\n<p data-start=\"2\" data-end=\"59\">Pointe particuli\u00e8rement stable avec un diam\u00e8tre de 8,5 mm<\/p>\n<\/li>\n<li data-start=\"0\" data-end=\"59\">\n<p data-start=\"2\" data-end=\"59\">M\u00e9canisme de fixation \u00ab Pull and Lock \u00bb de la pointe<\/p>\n<\/li>\n<li data-start=\"104\" data-end=\"145\">\n<p data-start=\"106\" data-end=\"145\">Tige en aluminium anodis\u00e9<\/p>\n<\/li>\n<li data-start=\"146\" data-end=\"192\">\n<p data-start=\"148\" data-end=\"192\">Poign\u00e9e souple pour une prise en main confortable<\/p>\n<\/li>\n<li data-start=\"193\" data-end=\"248\" data-is-last-node=\"\">\n<p data-start=\"195\" data-end=\"248\" data-is-last-node=\"\">Con\u00e7u pour une \u00e9limination rapide et en douceur de la ros\u00e9e<\/p>\n<\/li>\n<\/ul>\n<p>&nbsp;<\/p>\n","protected":false},"featured_media":121445,"template":"","meta":{"_acf_changed":false},"product_brand":[],"product_cat":[1001,1028,2799,1025,2815],"product_tag":[],"class_list":{"0":"entry","1":"author-sibeag","2":"has-excerpt","3":"post-121443","4":"product","5":"type-product","6":"status-publish","7":"has-post-thumbnail","8":"product_cat-greenkeeping-fr","9":"product_cat-traitement-des-greens","10":"product_cat-appareils-rosee","11":"product_cat-outils-dentretien","12":"product_cat-rosee","14":"first","15":"instock","16":"taxable","17":"shipping-taxable","18":"purchasable","19":"product-type-simple"},"acf":[],"_links":{"self":[{"href":"https:\/\/sibeag.ch\/fr\/wp-json\/wp\/v2\/product\/121443","targetHints":{"allow":["GET"]}}],"collection":[{"href":"https:\/\/sibeag.ch\/fr\/wp-json\/wp\/v2\/product"}],"about":[{"href":"https:\/\/sibeag.ch\/fr\/wp-json\/wp\/v2\/types\/product"}],"wp:featuredmedia":[{"embeddable":true,"href":"https:\/\/sibeag.ch\/fr\/wp-json\/wp\/v2\/media\/121445"}],"wp:attachment":[{"href":"https:\/\/sibeag.ch\/fr\/wp-json\/wp\/v2\/media?parent=121443"}],"wp:term":[{"taxonomy":"product_brand","embeddable":true,"href":"https:\/\/sibeag.ch\/fr\/wp-json\/wp\/v2\/product_brand?post=121443"},{"taxonomy":"product_cat","embeddable":true,"href":"https:\/\/sibeag.ch\/fr\/wp-json\/wp\/v2\/product_cat?post=121443"},{"taxonomy":"product_tag","embeddable":true,"href":"https:\/\/sibeag.ch\/fr\/wp-json\/wp\/v2\/product_tag?post=121443"}],"curies":[{"name":"wp","href":"https:\/\/api.w.org\/{rel}","templated":true}]}}