{"id":121463,"date":"2025-08-27T16:04:10","date_gmt":"2025-08-27T15:04:10","guid":{"rendered":"https:\/\/sibeag.ch\/non%20class\u00e9\/kiosque-simbay\/"},"modified":"2025-11-04T11:20:57","modified_gmt":"2025-11-04T10:20:57","slug":"kiosque-simbay","status":"publish","type":"product","link":"https:\/\/sibeag.ch\/fr\/practice-driving-range\/appareils-de-mesure\/appareils-de-mesure-fr\/kiosque-simbay\/","title":{"rendered":"Kiosque SIMBAY"},"content":{"rendered":"<p data-start=\"974\" data-end=\"1203\"><strong data-start=\"974\" data-end=\"990\">Simbay Kiosque<\/strong> \u2013 l\u2019exp\u00e9rience de golf num\u00e9rique pour chaque practice.<br data-start=\"1042\" data-end=\"1045\">Faites l\u2019exp\u00e9rience d\u2019une interaction unique entre la technologie moderne, le plaisir et l\u2019analyse professionnelle, le tout emball\u00e9 de mani\u00e8re compacte dans un terminal plug &amp; play.<\/p>\n<p data-start=\"1205\" data-end=\"1478\">Au c\u0153ur du Simbay Kiosk se trouve le <strong data-start=\"1253\" data-end=\"1279\">Premium Launch Monitor<\/strong> int\u00e9gr\u00e9, qui collecte <strong data-start=\"1285\" data-end=\"1311\">23 points de donn\u00e9es pr\u00e9cis<\/strong> sur la trajectoire de la balle, le mouvement du club et le moment de l\u2019impact. Le syst\u00e8me est soutenu par une <strong data-start=\"1406\" data-end=\"1419\">cam\u00e9ra HD<\/strong> qui enregistre le swing et le visualise en d\u00e9tail. <\/p>\n<p data-start=\"1480\" data-end=\"1772\"><strong data-start=\"1489\" data-end=\"1514\">L\u2019\u00e9cran tactile de 21,5 pouces<\/strong> donne non seulement aux joueurs un retour instantan\u00e9, mais leur donne \u00e9galement acc\u00e8s \u00e0 une vari\u00e9t\u00e9 de modes de jeu et de formes d\u2019entra\u00eenement. Le <strong data-start=\"1646\" data-end=\"1668\">logiciel de jeu 4K<\/strong> rend l\u2019exp\u00e9rience particuli\u00e8rement r\u00e9aliste \u2013 avec des terrains de golf virtuels et des environnements d\u2019entra\u00eenement modernes. <\/p>\n<p data-start=\"1774\" data-end=\"2036\">Avec <strong data-start=\"1782\" data-end=\"1806\">l\u2019application Golfjoy Spacehub<\/strong> , les golfeurs peuvent <strong data-start=\"1832\" data-end=\"1884\">acc\u00e9der \u00e0 leurs donn\u00e9es de performance directement sur leur smartphone<\/strong> &#8211; pour un apprentissage bas\u00e9 sur les donn\u00e9es et plus de motivation. La possibilit\u00e9 de se mesurer \u00e0 d\u2019autres utilisateurs de Simbay en ligne fait de l\u2019entra\u00eenement une comp\u00e9tition. <\/p>\n<p data-start=\"2038\" data-end=\"2257\">Pour les installations en libre-service, un <strong data-start=\"2088\" data-end=\"2117\">syst\u00e8me de paiement int\u00e9gr\u00e9<\/strong> peut \u00eatre activ\u00e9 en option, ce qui permet une facturation claire en fonction du temps d\u2019utilisation &#8211; parfait pour les terrains de pratique publics ou les sites commerciaux.<\/p>\n<p data-start=\"2259\" data-end=\"2538\">Le kiosque Simbay est <strong data-start=\"2280\" data-end=\"2306\">modulaire et \u00e9volutif<\/strong> , qu\u2019il s\u2019agisse d\u2019un seul tee ou de l\u2019ensemble de la gamme. Particuli\u00e8rement passionnant : le syst\u00e8me s\u2019adresse \u00e0 <strong data-start=\"2411\" data-end=\"2431\">tous les groupes cibles<\/strong> &#8211; des jeunes golfeurs aux joueurs exp\u00e9riment\u00e9s &#8211; et motive des visites plus fr\u00e9quentes et plus longues. <\/p>\n<p data-start=\"2540\" data-end=\"2703\">\n","protected":false},"excerpt":{"rendered":"<h1>Kiosque SIMBAY<\/h1>\n<ul>\n<li data-start=\"274\" data-end=\"311\">\n<p data-start=\"276\" data-end=\"311\">Syst\u00e8me de golf tout-en-un Plug &amp; Play<\/p>\n<\/li>\n<li data-start=\"312\" data-end=\"388\">\n<p data-start=\"314\" data-end=\"388\"><strong data-start=\"314\" data-end=\"340\">Premium Launch Monitor<\/strong> avec 23 points de donn\u00e9es (analyse de la balle et de la raquette)<\/p>\n<\/li>\n<li data-start=\"389\" data-end=\"433\">\n<p data-start=\"391\" data-end=\"433\"><strong data-start=\"391\" data-end=\"404\">Cam\u00e9ra HD<\/strong> pour une analyse pr\u00e9cise de l\u2019\u00e9lan<\/p>\n<\/li>\n<li data-start=\"434\" data-end=\"511\">\n<p data-start=\"436\" data-end=\"511\"><strong data-start=\"436\" data-end=\"457\">\u00c9cran tactile de 21,5 pouces<\/strong> avec des images brillantes et une utilisation intuitive<\/p>\n<\/li>\n<li data-start=\"512\" data-end=\"583\">\n<p data-start=\"514\" data-end=\"583\"><strong data-start=\"514\" data-end=\"536\">Logiciel de jeu 4K<\/strong> avec des parcours de golf et des modes d\u2019entra\u00eenement r\u00e9alistes<\/p>\n<\/li>\n<li data-start=\"584\" data-end=\"645\">\n<p data-start=\"586\" data-end=\"645\"><strong data-start=\"586\" data-end=\"614\">Mode multijoueur en ligne<\/strong> \u2013 Simbay vs. Simbay dans le monde entier<\/p>\n<\/li>\n<li data-start=\"646\" data-end=\"714\">\n<p data-start=\"648\" data-end=\"714\"><strong data-start=\"648\" data-end=\"677\">Syst\u00e8me de paiement int\u00e9gr\u00e9<\/strong> (en option) \u2013 id\u00e9al pour le paiement \u00e0 l\u2019utilisation<\/p>\n<\/li>\n<li data-start=\"715\" data-end=\"773\">\n<p data-start=\"717\" data-end=\"773\"><strong data-start=\"717\" data-end=\"745\">Donn\u00e9es de performance instantan\u00e9es<\/strong> via l\u2019application Golfjoy Spacehub<\/p>\n<\/li>\n<li data-start=\"774\" data-end=\"849\">\n<p data-start=\"776\" data-end=\"849\"><strong data-start=\"776\" data-end=\"801\">\u00c9volutif et flexible<\/strong> \u2013 adapt\u00e9 \u00e0 chaque gamme et \u00e0 chaque groupe cible<\/p>\n<\/li>\n<li data-start=\"852\" data-end=\"909\">Encourage les s\u00e9jours plus longs et une fr\u00e9quence de visiteurs plus \u00e9lev\u00e9e<\/li>\n<\/ul>\n<p data-start=\"974\" data-end=\"1203\">\n<p data-start=\"974\" data-end=\"1203\">\n<p data-start=\"974\" data-end=\"1203\">\n<p data-start=\"974\" data-end=\"1203\"><strong data-start=\"974\" data-end=\"990\">Simbay Kiosk<\/strong> \u2013 l\u2019exp\u00e9rience de golf num\u00e9rique pour chaque practice.<br data-start=\"1042\" data-end=\"1045\">Faites l\u2019exp\u00e9rience d\u2019une interaction unique entre la technologie moderne, le plaisir et l\u2019analyse professionnelle, le tout emball\u00e9 de mani\u00e8re compacte dans un terminal plug &amp; play.<\/p>\n<p data-start=\"1205\" data-end=\"1478\">Au c\u0153ur du Simbay Kiosk se trouve le <strong data-start=\"1253\" data-end=\"1279\">Premium Launch Monitor<\/strong> int\u00e9gr\u00e9, qui collecte <strong data-start=\"1285\" data-end=\"1311\">23 points de donn\u00e9es pr\u00e9cis<\/strong> sur la trajectoire de la balle, le mouvement du club et le moment de l\u2019impact. Le syst\u00e8me est soutenu par une <strong data-start=\"1406\" data-end=\"1419\">cam\u00e9ra HD<\/strong> qui enregistre le swing et le visualise en d\u00e9tail. <\/p>\n<p data-start=\"1480\" data-end=\"1772\"><strong data-start=\"1489\" data-end=\"1514\">L\u2019\u00e9cran tactile de 21,5 pouces<\/strong> donne non seulement aux joueurs un retour instantan\u00e9, mais leur donne \u00e9galement acc\u00e8s \u00e0 une vari\u00e9t\u00e9 de modes de jeu et de formes d\u2019entra\u00eenement. Le <strong data-start=\"1646\" data-end=\"1668\">logiciel de jeu 4K<\/strong> rend l\u2019exp\u00e9rience particuli\u00e8rement r\u00e9aliste \u2013 avec des terrains de golf virtuels et des environnements d\u2019entra\u00eenement modernes. <\/p>\n<p data-start=\"1774\" data-end=\"2036\">Avec <strong data-start=\"1782\" data-end=\"1806\">l\u2019application Golfjoy Spacehub<\/strong> , les golfeurs peuvent <strong data-start=\"1832\" data-end=\"1884\">acc\u00e9der \u00e0 leurs donn\u00e9es de performance directement sur leur smartphone<\/strong> &#8211; pour un apprentissage bas\u00e9 sur les donn\u00e9es et plus de motivation. La possibilit\u00e9 de se mesurer \u00e0 d\u2019autres utilisateurs de Simbay en ligne fait de l\u2019entra\u00eenement une comp\u00e9tition. <\/p>\n<p data-start=\"2038\" data-end=\"2257\">Pour les installations en libre-service, un <strong data-start=\"2088\" data-end=\"2117\">syst\u00e8me de paiement int\u00e9gr\u00e9<\/strong> peut \u00eatre activ\u00e9 en option, ce qui permet une facturation claire en fonction du temps d\u2019utilisation &#8211; parfait pour les terrains de pratique publics ou les sites commerciaux.<\/p>\n<p data-start=\"2259\" data-end=\"2538\">Le kiosque Simbay est <strong data-start=\"2280\" data-end=\"2306\">modulaire et \u00e9volutif<\/strong> , qu\u2019il s\u2019agisse d\u2019un seul tee ou de l\u2019ensemble de la gamme. Particuli\u00e8rement passionnant : le syst\u00e8me s\u2019adresse \u00e0 <strong data-start=\"2411\" data-end=\"2431\">tous les groupes cibles<\/strong> &#8211; des jeunes golfeurs aux joueurs exp\u00e9riment\u00e9s &#8211; et motive des visites plus fr\u00e9quentes et plus longues. <\/p>\n","protected":false},"featured_media":121370,"template":"","meta":{"_acf_changed":false},"product_brand":[],"product_cat":[964,2768,2772,1941,2776],"product_tag":[2939],"class_list":{"0":"entry","1":"author-sibeag","2":"has-excerpt","3":"post-121463","4":"product","5":"type-product","6":"status-publish","7":"has-post-thumbnail","8":"product_cat-practice-driving-range","9":"product_cat-zone-de-depart","10":"product_cat-amenagement-equipement","11":"product_cat-appareils-de-mesure","12":"product_cat-appareils-de-mesure-fr","13":"product_tag-sur-demande","15":"first","16":"instock","17":"taxable","18":"shipping-taxable","19":"product-type-variable"},"acf":[],"_links":{"self":[{"href":"https:\/\/sibeag.ch\/fr\/wp-json\/wp\/v2\/product\/121463","targetHints":{"allow":["GET"]}}],"collection":[{"href":"https:\/\/sibeag.ch\/fr\/wp-json\/wp\/v2\/product"}],"about":[{"href":"https:\/\/sibeag.ch\/fr\/wp-json\/wp\/v2\/types\/product"}],"wp:featuredmedia":[{"embeddable":true,"href":"https:\/\/sibeag.ch\/fr\/wp-json\/wp\/v2\/media\/121370"}],"wp:attachment":[{"href":"https:\/\/sibeag.ch\/fr\/wp-json\/wp\/v2\/media?parent=121463"}],"wp:term":[{"taxonomy":"product_brand","embeddable":true,"href":"https:\/\/sibeag.ch\/fr\/wp-json\/wp\/v2\/product_brand?post=121463"},{"taxonomy":"product_cat","embeddable":true,"href":"https:\/\/sibeag.ch\/fr\/wp-json\/wp\/v2\/product_cat?post=121463"},{"taxonomy":"product_tag","embeddable":true,"href":"https:\/\/sibeag.ch\/fr\/wp-json\/wp\/v2\/product_tag?post=121463"}],"curies":[{"name":"wp","href":"https:\/\/api.w.org\/{rel}","templated":true}]}}