{"id":121477,"date":"2025-11-10T17:40:19","date_gmt":"2025-11-10T16:40:19","guid":{"rendered":"https:\/\/sibeag.ch\/?post_type=product&#038;p=121477"},"modified":"2026-02-18T17:25:37","modified_gmt":"2026-02-18T16:25:37","slug":"station-de-nettoyage-pro","status":"publish","type":"product","link":"https:\/\/sibeag.ch\/fr\/club-house\/entree\/nettoyage-de-chaussures\/station-de-nettoyage-pro\/","title":{"rendered":"Station de nettoyage Pro"},"content":{"rendered":"","protected":false},"excerpt":{"rendered":"<h1>Station de nettoyage Pro<\/h1>\n<ul>\n<li>Des pistolets de nettoyage sp\u00e9ciaux m\u00e9langent l\u2019air et l\u2019eau.<\/li>\n<li>Fabriqu\u00e9 enti\u00e8rement en acier inoxydable avec une base inclin\u00e9e pour une meilleure prise en main et une position confortable.<\/li>\n<li>Con\u00e7u pour un nettoyage et un entretien faciles avec deux bacs \u00e0 poussi\u00e8re amovibles.<\/li>\n<li>Disponible en 2 tailles :\n<ul>\n<li>Station pour 2 &#8211; 150 x 50 x 85 cm<\/li>\n<li>Station pour 4 &#8211; 220 x 50 x 85 cm<\/li>\n<\/ul>\n<\/li>\n<li>Compresseur d\u2019air non inclus.<\/li>\n<\/ul>\n","protected":false},"featured_media":121479,"template":"","meta":{"_acf_changed":false},"product_brand":[],"product_cat":[962,2762,1030,1056,2765],"product_tag":[2939],"class_list":{"0":"entry","1":"author-sibeag","2":"has-excerpt","3":"post-121477","4":"product","5":"type-product","6":"status-publish","7":"has-post-thumbnail","8":"product_cat-club-house","9":"product_cat-entree","10":"product_cat-nettoyage-de-chaussures","11":"product_cat-nettoyeurs-de-chaussures-avec-air-comprime-eau","12":"product_cat-stations-de-nettoyage","13":"product_tag-sur-demande","15":"first","16":"instock","17":"taxable","18":"shipping-taxable","19":"purchasable","20":"product-type-variable"},"acf":[],"_links":{"self":[{"href":"https:\/\/sibeag.ch\/fr\/wp-json\/wp\/v2\/product\/121477","targetHints":{"allow":["GET"]}}],"collection":[{"href":"https:\/\/sibeag.ch\/fr\/wp-json\/wp\/v2\/product"}],"about":[{"href":"https:\/\/sibeag.ch\/fr\/wp-json\/wp\/v2\/types\/product"}],"wp:featuredmedia":[{"embeddable":true,"href":"https:\/\/sibeag.ch\/fr\/wp-json\/wp\/v2\/media\/121479"}],"wp:attachment":[{"href":"https:\/\/sibeag.ch\/fr\/wp-json\/wp\/v2\/media?parent=121477"}],"wp:term":[{"taxonomy":"product_brand","embeddable":true,"href":"https:\/\/sibeag.ch\/fr\/wp-json\/wp\/v2\/product_brand?post=121477"},{"taxonomy":"product_cat","embeddable":true,"href":"https:\/\/sibeag.ch\/fr\/wp-json\/wp\/v2\/product_cat?post=121477"},{"taxonomy":"product_tag","embeddable":true,"href":"https:\/\/sibeag.ch\/fr\/wp-json\/wp\/v2\/product_tag?post=121477"}],"curies":[{"name":"wp","href":"https:\/\/api.w.org\/{rel}","templated":true}]}}