{"id":121488,"date":"2025-11-11T07:01:57","date_gmt":"2025-11-11T06:01:57","guid":{"rendered":"https:\/\/sibeag.ch\/?post_type=product&#038;p=121488"},"modified":"2025-11-11T14:34:10","modified_gmt":"2025-11-11T13:34:10","slug":"nettoyeur-de-chaussures-pro","status":"publish","type":"product","link":"https:\/\/sibeag.ch\/fr\/club-house\/entree\/nettoyage-de-chaussures\/nettoyeur-de-chaussures-pro\/","title":{"rendered":"Nettoyeur de chaussures Pro"},"content":{"rendered":"","protected":false},"excerpt":{"rendered":"<h1>Nettoyeur de chaussures Pro<\/h1>\n<p>Ce nettoyeur de chaussures \u00e9lectrique est enti\u00e8rement fabriqu\u00e9 en acier inoxydable robuste, ce qui le rend id\u00e9al pour une utilisation en ext\u00e9rieur ou dans des environnements avec des exigences d\u2019hygi\u00e8ne \u00e9lev\u00e9es.<\/p>\n<ul>\n<li>La brosse durable nettoie tous les types de semelles en douceur et de mani\u00e8re fiable.<\/li>\n<li>Le panneau de commande \u00e0 deux boutons est fix\u00e9 de mani\u00e8re ergonomique \u00e0 un support stable et assure une position s\u00fbre et une utilisation confortable pendant le nettoyage.<\/li>\n<li>La salet\u00e9 est collect\u00e9e dans un r\u00e9cipient de collecte facilement amovible, ce qui rend le nettoyage et l\u2019entretien particuli\u00e8rement faciles.<\/li>\n<\/ul>\n","protected":false},"featured_media":121502,"template":"","meta":{"_acf_changed":false},"product_brand":[],"product_cat":[962,2762,1030,1873,964],"product_tag":[],"class_list":{"0":"entry","1":"author-sibeag","2":"has-excerpt","3":"post-121488","4":"product","5":"type-product","6":"status-publish","7":"has-post-thumbnail","8":"product_cat-club-house","9":"product_cat-entree","10":"product_cat-nettoyage-de-chaussures","11":"product_cat-brosse-a-chaussure-electrique","12":"product_cat-practice-driving-range","14":"first","15":"instock","16":"taxable","17":"shipping-taxable","18":"purchasable","19":"product-type-simple"},"acf":[],"_links":{"self":[{"href":"https:\/\/sibeag.ch\/fr\/wp-json\/wp\/v2\/product\/121488","targetHints":{"allow":["GET"]}}],"collection":[{"href":"https:\/\/sibeag.ch\/fr\/wp-json\/wp\/v2\/product"}],"about":[{"href":"https:\/\/sibeag.ch\/fr\/wp-json\/wp\/v2\/types\/product"}],"wp:featuredmedia":[{"embeddable":true,"href":"https:\/\/sibeag.ch\/fr\/wp-json\/wp\/v2\/media\/121502"}],"wp:attachment":[{"href":"https:\/\/sibeag.ch\/fr\/wp-json\/wp\/v2\/media?parent=121488"}],"wp:term":[{"taxonomy":"product_brand","embeddable":true,"href":"https:\/\/sibeag.ch\/fr\/wp-json\/wp\/v2\/product_brand?post=121488"},{"taxonomy":"product_cat","embeddable":true,"href":"https:\/\/sibeag.ch\/fr\/wp-json\/wp\/v2\/product_cat?post=121488"},{"taxonomy":"product_tag","embeddable":true,"href":"https:\/\/sibeag.ch\/fr\/wp-json\/wp\/v2\/product_tag?post=121488"}],"curies":[{"name":"wp","href":"https:\/\/api.w.org\/{rel}","templated":true}]}}