{"id":121494,"date":"2025-11-11T07:04:17","date_gmt":"2025-11-11T06:04:17","guid":{"rendered":"https:\/\/sibeag.ch\/?post_type=product&#038;p=121494"},"modified":"2026-02-18T16:48:49","modified_gmt":"2026-02-18T15:48:49","slug":"nettoyeur-a-air-comprime-pattisson-kopie-kopie-kopie","status":"publish","type":"product","link":"https:\/\/sibeag.ch\/fr\/club-house\/entree\/nettoyage-de-chaussures\/nettoyeur-a-air-comprime-pattisson-kopie-kopie-kopie\/","title":{"rendered":"Station de nettoyage de chaussures Air"},"content":{"rendered":"","protected":false},"excerpt":{"rendered":"<h1>Station de nettoyage de chaussures Air<\/h1>\n<p>La station de nettoyage de chaussures est \u00e9quip\u00e9e de deux pistolets \u00e0 air comprim\u00e9 et de deux brosses fixes et assure un nettoyage en profondeur des chaussures de golf et autres chaussures de sport.<\/p>\n<p>Un compresseur silencieux alimente les deux pistolets \u00e0 air comprim\u00e9 en air. Une grille en acier galvanis\u00e9 sert de repose-pieds stable pendant le nettoyage. En dessous se trouve un tiroir coulissant en acier galvanis\u00e9, dans lequel la salet\u00e9 et la poussi\u00e8re sont collect\u00e9es.<\/p>\n<ul>\n<li>La conception individuelle d\u2019une couleur ou d\u2019un logo est possible sur demande.<\/li>\n<li>Taille&nbsp;: 84 x 89 x 70 cm<\/li>\n<li>Capacit\u00e9 du compresseur : 26 litres<\/li>\n<li>Niveau sonore : 64 dB<\/li>\n<\/ul>\n","protected":false},"featured_media":121506,"template":"","meta":{"_acf_changed":false},"product_brand":[],"product_cat":[962,2762,1030,1056,2765],"product_tag":[2939],"class_list":{"0":"entry","1":"author-sibeag","2":"has-excerpt","3":"post-121494","4":"product","5":"type-product","6":"status-publish","7":"has-post-thumbnail","8":"product_cat-club-house","9":"product_cat-entree","10":"product_cat-nettoyage-de-chaussures","11":"product_cat-nettoyeurs-de-chaussures-avec-air-comprime-eau","12":"product_cat-stations-de-nettoyage","13":"product_tag-sur-demande","15":"first","16":"instock","17":"taxable","18":"shipping-taxable","19":"purchasable","20":"product-type-simple"},"acf":[],"_links":{"self":[{"href":"https:\/\/sibeag.ch\/fr\/wp-json\/wp\/v2\/product\/121494","targetHints":{"allow":["GET"]}}],"collection":[{"href":"https:\/\/sibeag.ch\/fr\/wp-json\/wp\/v2\/product"}],"about":[{"href":"https:\/\/sibeag.ch\/fr\/wp-json\/wp\/v2\/types\/product"}],"wp:featuredmedia":[{"embeddable":true,"href":"https:\/\/sibeag.ch\/fr\/wp-json\/wp\/v2\/media\/121506"}],"wp:attachment":[{"href":"https:\/\/sibeag.ch\/fr\/wp-json\/wp\/v2\/media?parent=121494"}],"wp:term":[{"taxonomy":"product_brand","embeddable":true,"href":"https:\/\/sibeag.ch\/fr\/wp-json\/wp\/v2\/product_brand?post=121494"},{"taxonomy":"product_cat","embeddable":true,"href":"https:\/\/sibeag.ch\/fr\/wp-json\/wp\/v2\/product_cat?post=121494"},{"taxonomy":"product_tag","embeddable":true,"href":"https:\/\/sibeag.ch\/fr\/wp-json\/wp\/v2\/product_tag?post=121494"}],"curies":[{"name":"wp","href":"https:\/\/api.w.org\/{rel}","templated":true}]}}