{"id":12169,"date":"2019-01-25T08:26:49","date_gmt":"2019-02-06T16:53:33","guid":{"rendered":"https:\/\/www.sibeag.ch\/shop\/non%20class\u00e9\/drapeau-vertical-de-practice\/"},"modified":"2026-02-18T16:55:26","modified_gmt":"2026-02-18T15:55:26","slug":"drapeau-vertical-practice","status":"publish","type":"product","link":"https:\/\/sibeag.ch\/fr\/practice-driving-range\/cibles-entrainement-fr\/indicateurs-de-distance\/drapeau-vertical-practice\/","title":{"rendered":"Drapeau vertical de practice"},"content":{"rendered":"","protected":false},"excerpt":{"rendered":"<p><img loading=\"lazy\" decoding=\"async\" class=\"alignright size-full wp-image-184\" src=\"https:\/\/www.sibeag.ch\/wp-content\/uploads\/Standard-Golf-Logo.jpg\" alt=\"Standard Golf Logo\" width=\"112\" height=\"30\"><\/p>\n<h1>Drapeau vertical de practice<\/h1>\n<ul>\n<li>102 x 36 cm<\/li>\n<li>inclus: construction tubulaire<\/li>\n<li>Le drapeau est toujours debout gr\u00e2ce \u00e0 un dispositif m\u00e9tallique<\/li>\n<\/ul>\n","protected":false},"featured_media":8920,"template":"","meta":{"_acf_changed":false},"product_brand":[],"product_cat":[964,979],"product_tag":[],"class_list":{"0":"entry","1":"author-sibegolf","2":"has-excerpt","3":"post-12169","4":"product","5":"type-product","6":"status-publish","7":"has-post-thumbnail","8":"product_cat-practice-driving-range","9":"product_cat-indicateurs-de-distance","11":"first","12":"instock","13":"taxable","14":"shipping-taxable","15":"purchasable","16":"product-type-variable"},"acf":[],"_links":{"self":[{"href":"https:\/\/sibeag.ch\/fr\/wp-json\/wp\/v2\/product\/12169","targetHints":{"allow":["GET"]}}],"collection":[{"href":"https:\/\/sibeag.ch\/fr\/wp-json\/wp\/v2\/product"}],"about":[{"href":"https:\/\/sibeag.ch\/fr\/wp-json\/wp\/v2\/types\/product"}],"wp:featuredmedia":[{"embeddable":true,"href":"https:\/\/sibeag.ch\/fr\/wp-json\/wp\/v2\/media\/8920"}],"wp:attachment":[{"href":"https:\/\/sibeag.ch\/fr\/wp-json\/wp\/v2\/media?parent=12169"}],"wp:term":[{"taxonomy":"product_brand","embeddable":true,"href":"https:\/\/sibeag.ch\/fr\/wp-json\/wp\/v2\/product_brand?post=12169"},{"taxonomy":"product_cat","embeddable":true,"href":"https:\/\/sibeag.ch\/fr\/wp-json\/wp\/v2\/product_cat?post=12169"},{"taxonomy":"product_tag","embeddable":true,"href":"https:\/\/sibeag.ch\/fr\/wp-json\/wp\/v2\/product_tag?post=12169"}],"curies":[{"name":"wp","href":"https:\/\/api.w.org\/{rel}","templated":true}]}}