{"id":12212,"date":"2019-01-25T08:28:20","date_gmt":"2019-02-06T16:57:09","guid":{"rendered":"https:\/\/www.sibeag.ch\/shop\/non%20class\u00e9\/cible-putting-green\/"},"modified":"2026-02-18T16:56:07","modified_gmt":"2026-02-18T15:56:07","slug":"cible-putting-green","status":"publish","type":"product","link":"https:\/\/sibeag.ch\/fr\/putting-green-fr\/cibles-entrainement\/cible-putting-green\/","title":{"rendered":"Cible Putting Green"},"content":{"rendered":"","protected":false},"excerpt":{"rendered":"<p><img loading=\"lazy\" decoding=\"async\" class=\"alignright size-medium wp-image-3355\" src=\"https:\/\/www.sibeag.ch\/wp-content\/uploads\/StandardGolf_Logo-300x83.jpg\" alt=\"Logo Standard Golf\" width=\"112\" height=\"31\"><\/p>\n<h1>Cible Putting Green<\/h1>\n<p>Les cibles Putting Green vous permettent de marquer votre Putting Green sans avoir besoin de faire des trous. Id\u00e9al pour les Pros et les \u00e9v\u00e9nements<\/p>\n<ul>\n<li>60 cm de long<\/li>\n<li>0.6 cm de diam\u00e8tre<\/li>\n<li>pointe de 13 cm de long<\/li>\n<li>poign\u00e9e inclus<\/li>\n<\/ul>\n","protected":false},"featured_media":8892,"template":"","meta":{"_acf_changed":false},"product_brand":[],"product_cat":[1004,1008],"product_tag":[],"class_list":{"0":"entry","1":"author-sibegolf","2":"has-excerpt","3":"post-12212","4":"product","5":"type-product","6":"status-publish","7":"has-post-thumbnail","8":"product_cat-putting-green-fr","9":"product_cat-cibles-entrainement","11":"first","12":"instock","13":"taxable","14":"shipping-taxable","15":"purchasable","16":"product-type-variable"},"acf":[],"_links":{"self":[{"href":"https:\/\/sibeag.ch\/fr\/wp-json\/wp\/v2\/product\/12212","targetHints":{"allow":["GET"]}}],"collection":[{"href":"https:\/\/sibeag.ch\/fr\/wp-json\/wp\/v2\/product"}],"about":[{"href":"https:\/\/sibeag.ch\/fr\/wp-json\/wp\/v2\/types\/product"}],"wp:featuredmedia":[{"embeddable":true,"href":"https:\/\/sibeag.ch\/fr\/wp-json\/wp\/v2\/media\/8892"}],"wp:attachment":[{"href":"https:\/\/sibeag.ch\/fr\/wp-json\/wp\/v2\/media?parent=12212"}],"wp:term":[{"taxonomy":"product_brand","embeddable":true,"href":"https:\/\/sibeag.ch\/fr\/wp-json\/wp\/v2\/product_brand?post=12212"},{"taxonomy":"product_cat","embeddable":true,"href":"https:\/\/sibeag.ch\/fr\/wp-json\/wp\/v2\/product_cat?post=12212"},{"taxonomy":"product_tag","embeddable":true,"href":"https:\/\/sibeag.ch\/fr\/wp-json\/wp\/v2\/product_tag?post=12212"}],"curies":[{"name":"wp","href":"https:\/\/api.w.org\/{rel}","templated":true}]}}