{"id":12239,"date":"2019-01-25T08:28:59","date_gmt":"2019-02-06T17:00:26","guid":{"rendered":"https:\/\/www.sibeag.ch\/shop\/non%20class\u00e9\/reservoir-refrigerant-igloo\/"},"modified":"2026-02-18T16:56:18","modified_gmt":"2026-02-18T15:56:18","slug":"reservoir-refrigerant-igloo","status":"publish","type":"product","link":"https:\/\/sibeag.ch\/fr\/parcours-de-golf\/fairway-fr\/stations-deau-fr\/pieces-detachees-accessoires-pour-stations-deau-fr\/reservoir-refrigerant-igloo\/","title":{"rendered":"R\u00e9servoir r\u00e9frig\u00e9rant Igloo"},"content":{"rendered":"<p>PA3657 PA3667<\/p>\n","protected":false},"excerpt":{"rendered":"<p><img loading=\"lazy\" decoding=\"async\" class=\"alignright size-full wp-image-184\" src=\"https:\/\/www.sibeag.ch\/wp-content\/uploads\/Standard-Golf-Logo.jpg\" alt=\"Standard Golf Logo\" width=\"112\" height=\"30\"><\/p>\n<h1>R\u00e9servoir r\u00e9frig\u00e9rant Igloo<\/h1>\n<ul>\n<li>19 litres: 43 cm hoch, \u00f8 25.4 cm<br \/>\n38 litres: 58 cm hoch, \u00f8 41.9 cm<\/li>\n<li>vert<\/li>\n<li>support de fixation pour le distributeur de gobelets inclus<\/li>\n<\/ul>\n","protected":false},"featured_media":9304,"template":"","meta":{"_acf_changed":false},"product_brand":[],"product_cat":[1012,1013],"product_tag":[],"class_list":{"0":"entry","1":"author-sibegolf","2":"has-excerpt","3":"post-12239","4":"product","5":"type-product","6":"status-publish","7":"has-post-thumbnail","8":"product_cat-pieces-detachees-accessoires-pour-stations-deau","9":"product_cat-pieces-detachees-accessoires-pour-stations-deau-fr","11":"first","12":"instock","13":"taxable","14":"shipping-taxable","15":"purchasable","16":"product-type-variable"},"acf":[],"_links":{"self":[{"href":"https:\/\/sibeag.ch\/fr\/wp-json\/wp\/v2\/product\/12239","targetHints":{"allow":["GET"]}}],"collection":[{"href":"https:\/\/sibeag.ch\/fr\/wp-json\/wp\/v2\/product"}],"about":[{"href":"https:\/\/sibeag.ch\/fr\/wp-json\/wp\/v2\/types\/product"}],"wp:featuredmedia":[{"embeddable":true,"href":"https:\/\/sibeag.ch\/fr\/wp-json\/wp\/v2\/media\/9304"}],"wp:attachment":[{"href":"https:\/\/sibeag.ch\/fr\/wp-json\/wp\/v2\/media?parent=12239"}],"wp:term":[{"taxonomy":"product_brand","embeddable":true,"href":"https:\/\/sibeag.ch\/fr\/wp-json\/wp\/v2\/product_brand?post=12239"},{"taxonomy":"product_cat","embeddable":true,"href":"https:\/\/sibeag.ch\/fr\/wp-json\/wp\/v2\/product_cat?post=12239"},{"taxonomy":"product_tag","embeddable":true,"href":"https:\/\/sibeag.ch\/fr\/wp-json\/wp\/v2\/product_tag?post=12239"}],"curies":[{"name":"wp","href":"https:\/\/api.w.org\/{rel}","templated":true}]}}