{"id":12277,"date":"2019-01-25T08:29:21","date_gmt":"2019-02-06T17:00:38","guid":{"rendered":"https:\/\/www.sibeag.ch\/shop\/non%20class\u00e9\/boule-de-depart-dimple-tee-personnalisable\/"},"modified":"2026-02-18T16:56:31","modified_gmt":"2026-02-18T15:56:31","slug":"boule-de-depart-dimple-tee-personnalisable","status":"publish","type":"product","link":"https:\/\/sibeag.ch\/fr\/parcours-de-golf\/depart\/marques-de-depart\/boule-de-depart-dimple-tee-personnalisable\/","title":{"rendered":"Boule de d\u00e9part Dimple Tee, personnalisable"},"content":{"rendered":"","protected":false},"excerpt":{"rendered":"<p><img loading=\"lazy\" decoding=\"async\" class=\"alignright size-medium wp-image-3355\" src=\"https:\/\/www.sibeag.ch\/wp-content\/uploads\/StandardGolf_Logo-300x83.jpg\" alt=\"Logo Standard Golf\" width=\"112\" height=\"31\"><\/p>\n<h1>Boule de d\u00e9part Dimple Tee, personnalisable<\/h1>\n<ul>\n<li>12.7 cm de diam\u00e8tre<\/li>\n<li>avec pointe de 11 cm<\/li>\n<li>en plastique<\/li>\n<li>peut \u00eatre personnalis\u00e9 avec un autocollant de 7.6 cm de diam\u00e8tre<\/li>\n<\/ul>\n","protected":false},"featured_media":9212,"template":"","meta":{"_acf_changed":false},"product_brand":[],"product_cat":[961,966,1009],"product_tag":[2164,1910],"class_list":{"0":"entry","1":"author-sibegolf","2":"has-excerpt","3":"post-12277","4":"product","5":"type-product","6":"status-publish","7":"has-post-thumbnail","8":"product_cat-parcours-de-golf","9":"product_cat-depart","10":"product_cat-marques-de-depart","11":"product_tag-logo-fr","12":"product_tag-marques-de-depart","14":"first","15":"instock","16":"taxable","17":"shipping-taxable","18":"purchasable","19":"product-type-variable"},"acf":[],"_links":{"self":[{"href":"https:\/\/sibeag.ch\/fr\/wp-json\/wp\/v2\/product\/12277","targetHints":{"allow":["GET"]}}],"collection":[{"href":"https:\/\/sibeag.ch\/fr\/wp-json\/wp\/v2\/product"}],"about":[{"href":"https:\/\/sibeag.ch\/fr\/wp-json\/wp\/v2\/types\/product"}],"wp:featuredmedia":[{"embeddable":true,"href":"https:\/\/sibeag.ch\/fr\/wp-json\/wp\/v2\/media\/9212"}],"wp:attachment":[{"href":"https:\/\/sibeag.ch\/fr\/wp-json\/wp\/v2\/media?parent=12277"}],"wp:term":[{"taxonomy":"product_brand","embeddable":true,"href":"https:\/\/sibeag.ch\/fr\/wp-json\/wp\/v2\/product_brand?post=12277"},{"taxonomy":"product_cat","embeddable":true,"href":"https:\/\/sibeag.ch\/fr\/wp-json\/wp\/v2\/product_cat?post=12277"},{"taxonomy":"product_tag","embeddable":true,"href":"https:\/\/sibeag.ch\/fr\/wp-json\/wp\/v2\/product_tag?post=12277"}],"curies":[{"name":"wp","href":"https:\/\/api.w.org\/{rel}","templated":true}]}}