{"id":12342,"date":"2019-01-25T08:30:25","date_gmt":"2019-02-06T20:16:48","guid":{"rendered":"https:\/\/www.sibeag.ch\/shop\/non%20class\u00e9\/marque-de-depart-en-acier-oe-16-5-cm\/"},"modified":"2026-02-18T16:57:06","modified_gmt":"2026-02-18T15:57:06","slug":"marque-de-depart-en-acier-oe-16-5-cm","status":"publish","type":"product","link":"https:\/\/sibeag.ch\/fr\/parcours-de-golf\/fairway-fr\/marques-de-distance\/plaques-de-distance\/marque-de-depart-en-acier-oe-16-5-cm\/","title":{"rendered":"Marque de d\u00e9part en acier \u00f8 16.5 cm"},"content":{"rendered":"","protected":false},"excerpt":{"rendered":"<p><img loading=\"lazy\" decoding=\"async\" class=\"alignright size-medium wp-image-3355\" src=\"https:\/\/www.sibeag.ch\/wp-content\/uploads\/StandardGolf_Logo-300x83.jpg\" alt=\"Logo Standard Golf\" width=\"112\" height=\"31\"><\/p>\n<h1>Marque de d\u00e9part en acier \u00f8 16.5 cm<\/h1>\n<ul>\n<li>avec une pointe de 14 cm<\/li>\n<li>peut \u00e9galement \u00eatre utilis\u00e9 comme marque de distance sur le Fairway<\/li>\n<li>rev\u00eatement par poudre<\/li>\n<\/ul>\n","protected":false},"featured_media":8252,"template":"","meta":{"_acf_changed":false},"product_brand":[],"product_cat":[961,966,989,1009,969,990,991],"product_tag":[1910],"class_list":{"0":"entry","1":"author-sibegolf","2":"has-excerpt","3":"post-12342","4":"product","5":"type-product","6":"status-publish","7":"has-post-thumbnail","8":"product_cat-parcours-de-golf","9":"product_cat-depart","10":"product_cat-marque-de-distance","11":"product_cat-marques-de-depart","12":"product_cat-fairway-fr","13":"product_cat-marques-de-distance","14":"product_cat-plaques-de-distance","15":"product_tag-marques-de-depart","17":"first","18":"instock","19":"taxable","20":"shipping-taxable","21":"purchasable","22":"product-type-variable"},"acf":[],"_links":{"self":[{"href":"https:\/\/sibeag.ch\/fr\/wp-json\/wp\/v2\/product\/12342","targetHints":{"allow":["GET"]}}],"collection":[{"href":"https:\/\/sibeag.ch\/fr\/wp-json\/wp\/v2\/product"}],"about":[{"href":"https:\/\/sibeag.ch\/fr\/wp-json\/wp\/v2\/types\/product"}],"wp:featuredmedia":[{"embeddable":true,"href":"https:\/\/sibeag.ch\/fr\/wp-json\/wp\/v2\/media\/8252"}],"wp:attachment":[{"href":"https:\/\/sibeag.ch\/fr\/wp-json\/wp\/v2\/media?parent=12342"}],"wp:term":[{"taxonomy":"product_brand","embeddable":true,"href":"https:\/\/sibeag.ch\/fr\/wp-json\/wp\/v2\/product_brand?post=12342"},{"taxonomy":"product_cat","embeddable":true,"href":"https:\/\/sibeag.ch\/fr\/wp-json\/wp\/v2\/product_cat?post=12342"},{"taxonomy":"product_tag","embeddable":true,"href":"https:\/\/sibeag.ch\/fr\/wp-json\/wp\/v2\/product_tag?post=12342"}],"curies":[{"name":"wp","href":"https:\/\/api.w.org\/{rel}","templated":true}]}}