{"id":12366,"date":"2019-01-25T08:31:00","date_gmt":"2019-02-06T20:26:35","guid":{"rendered":"https:\/\/www.sibeag.ch\/shop\/non%20class\u00e9\/autocollant-numerote-pour-tete-en-aluminium\/"},"modified":"2026-02-18T16:57:24","modified_gmt":"2026-02-18T15:57:24","slug":"autocollant-numerote-pour-tete-en-aluminium","status":"publish","type":"product","link":"https:\/\/sibeag.ch\/fr\/putting-green-fr\/pieces-detachees\/autocollant-numerote-pour-tete-en-aluminium\/","title":{"rendered":"Autocollant num\u00e9rot\u00e9 pour t\u00eate en aluminium"},"content":{"rendered":"","protected":false},"excerpt":{"rendered":"<p><img loading=\"lazy\" decoding=\"async\" class=\"alignright size-medium wp-image-3355\" src=\"https:\/\/www.sibeag.ch\/wp-content\/uploads\/StandardGolf_Logo-300x83.jpg\" alt=\"Logo Standard Golf\" width=\"112\" height=\"31\"><\/p>\n<h1>Autocollant num\u00e9rot\u00e9 pour t\u00eate en aluminium<\/h1>\n<ul>\n<li>Jeu de 2 x 9 pi\u00e8ces<\/li>\n<li>Les num\u00e9ros individuels sont d\u00e9coup\u00e9s selon les contours<\/li>\n<\/ul>\n","protected":false},"featured_media":8044,"template":"","meta":{"_acf_changed":false},"product_brand":[],"product_cat":[1004,1050],"product_tag":[],"class_list":{"0":"entry","1":"author-sibegolf","2":"has-excerpt","3":"post-12366","4":"product","5":"type-product","6":"status-publish","7":"has-post-thumbnail","8":"product_cat-putting-green-fr","9":"product_cat-pieces-detachees","11":"first","12":"instock","13":"taxable","14":"shipping-taxable","15":"purchasable","16":"product-type-variable"},"acf":[],"_links":{"self":[{"href":"https:\/\/sibeag.ch\/fr\/wp-json\/wp\/v2\/product\/12366","targetHints":{"allow":["GET"]}}],"collection":[{"href":"https:\/\/sibeag.ch\/fr\/wp-json\/wp\/v2\/product"}],"about":[{"href":"https:\/\/sibeag.ch\/fr\/wp-json\/wp\/v2\/types\/product"}],"wp:featuredmedia":[{"embeddable":true,"href":"https:\/\/sibeag.ch\/fr\/wp-json\/wp\/v2\/media\/8044"}],"wp:attachment":[{"href":"https:\/\/sibeag.ch\/fr\/wp-json\/wp\/v2\/media?parent=12366"}],"wp:term":[{"taxonomy":"product_brand","embeddable":true,"href":"https:\/\/sibeag.ch\/fr\/wp-json\/wp\/v2\/product_brand?post=12366"},{"taxonomy":"product_cat","embeddable":true,"href":"https:\/\/sibeag.ch\/fr\/wp-json\/wp\/v2\/product_cat?post=12366"},{"taxonomy":"product_tag","embeddable":true,"href":"https:\/\/sibeag.ch\/fr\/wp-json\/wp\/v2\/product_tag?post=12366"}],"curies":[{"name":"wp","href":"https:\/\/api.w.org\/{rel}","templated":true}]}}