{"id":12436,"date":"2019-01-25T08:32:38","date_gmt":"2019-02-06T20:44:53","guid":{"rendered":"https:\/\/www.sibeag.ch\/shop\/non%20class\u00e9\/marque-de-distance-fairway\/"},"modified":"2026-02-18T16:57:59","modified_gmt":"2026-02-18T15:57:59","slug":"marque-de-distance-fairway","status":"publish","type":"product","link":"https:\/\/sibeag.ch\/fr\/parcours-de-golf\/fairway-fr\/marques-de-distance\/plaques-de-distance\/marque-de-distance-fairway\/","title":{"rendered":"Marque de distance Fairway"},"content":{"rendered":"<p>CA10313<br \/>\nCA10311<br \/>\nCA10312<br \/>\nCA10314<\/p>\n","protected":false},"excerpt":{"rendered":"<p><img loading=\"lazy\" decoding=\"async\" class=\"alignright size-full wp-image-184\" src=\"https:\/\/www.sibeag.ch\/wp-content\/uploads\/Standard-Golf-Logo.jpg\" alt=\"Standard Golf Logo\" width=\"112\" height=\"30\"><\/p>\n<h1>Marque de distance Fairway<\/h1>\n<ul>\n<li>27.9 cm de diam\u00e8tre<\/li>\n<li>l\u00e9g\u00e8rement bomb\u00e9<\/li>\n<li>Pointe de 24 cm<\/li>\n<li>plaque en acier, rev\u00eatement par poudre<\/li>\n<\/ul>\n","protected":false},"featured_media":8270,"template":"","meta":{"_acf_changed":false},"product_brand":[],"product_cat":[961,966,989,969,990,991],"product_tag":[],"class_list":{"0":"entry","1":"author-sibegolf","2":"has-excerpt","3":"post-12436","4":"product","5":"type-product","6":"status-publish","7":"has-post-thumbnail","8":"product_cat-parcours-de-golf","9":"product_cat-depart","10":"product_cat-marque-de-distance","11":"product_cat-fairway-fr","12":"product_cat-marques-de-distance","13":"product_cat-plaques-de-distance","15":"first","16":"instock","17":"taxable","18":"shipping-taxable","19":"purchasable","20":"product-type-variable"},"acf":[],"_links":{"self":[{"href":"https:\/\/sibeag.ch\/fr\/wp-json\/wp\/v2\/product\/12436","targetHints":{"allow":["GET"]}}],"collection":[{"href":"https:\/\/sibeag.ch\/fr\/wp-json\/wp\/v2\/product"}],"about":[{"href":"https:\/\/sibeag.ch\/fr\/wp-json\/wp\/v2\/types\/product"}],"wp:featuredmedia":[{"embeddable":true,"href":"https:\/\/sibeag.ch\/fr\/wp-json\/wp\/v2\/media\/8270"}],"wp:attachment":[{"href":"https:\/\/sibeag.ch\/fr\/wp-json\/wp\/v2\/media?parent=12436"}],"wp:term":[{"taxonomy":"product_brand","embeddable":true,"href":"https:\/\/sibeag.ch\/fr\/wp-json\/wp\/v2\/product_brand?post=12436"},{"taxonomy":"product_cat","embeddable":true,"href":"https:\/\/sibeag.ch\/fr\/wp-json\/wp\/v2\/product_cat?post=12436"},{"taxonomy":"product_tag","embeddable":true,"href":"https:\/\/sibeag.ch\/fr\/wp-json\/wp\/v2\/product_tag?post=12436"}],"curies":[{"name":"wp","href":"https:\/\/api.w.org\/{rel}","templated":true}]}}