{"id":12494,"date":"2019-01-25T08:33:51","date_gmt":"2019-02-06T20:48:20","guid":{"rendered":"https:\/\/www.sibeag.ch\/shop\/non%20class\u00e9\/lame-de-remplacement-pour-hole-cutter-standard-golf\/"},"modified":"2026-02-18T16:59:07","modified_gmt":"2026-02-18T15:59:07","slug":"lame-de-remplacement-pour-hole-cutter-standard-golf","status":"publish","type":"product","link":"https:\/\/sibeag.ch\/fr\/greenkeeping-fr\/traitement-des-greens\/hole-cutters-accessoires\/lame-de-remplacement-pour-hole-cutter-standard-golf\/","title":{"rendered":"Lame de remplacement pour Hole Cutter Standard Golf"},"content":{"rendered":"","protected":false},"excerpt":{"rendered":"<p><img loading=\"lazy\" decoding=\"async\" class=\"alignright size-medium wp-image-3355\" src=\"https:\/\/www.sibeag.ch\/wp-content\/uploads\/StandardGolf_Logo-300x83.jpg\" alt=\"Logo Standard Golf\" width=\"112\" height=\"31\"><\/p>\n<h1>Lame de remplacement pour Hole Cutter Standard Golf<\/h1>\n<p>Les lames aiguis\u00e9es \u00e0 l\u2019int\u00e9rieur sont surtout pour les Greens sableux. La lame aiguis\u00e9e \u00e0 l\u2019ext\u00e9rieur convient aux greens argileux<\/p>\n<ul>\n<li>compatible avec les Hole Cutters Magnum et Pro II de Standard Golf<\/li>\n<\/ul>\n","protected":false},"featured_media":8812,"template":"","meta":{"_acf_changed":false},"product_brand":[],"product_cat":[1001,1028,1024,2786],"product_tag":[],"class_list":{"0":"entry","1":"author-sibegolf","2":"has-excerpt","3":"post-12494","4":"product","5":"type-product","6":"status-publish","7":"has-post-thumbnail","8":"product_cat-greenkeeping-fr","9":"product_cat-traitement-des-greens","10":"product_cat-hole-cutters-accessoires","11":"product_cat-lame-de-rechange","13":"first","14":"instock","15":"taxable","16":"shipping-taxable","17":"purchasable","18":"product-type-variable","19":"has-default-attributes"},"acf":[],"_links":{"self":[{"href":"https:\/\/sibeag.ch\/fr\/wp-json\/wp\/v2\/product\/12494","targetHints":{"allow":["GET"]}}],"collection":[{"href":"https:\/\/sibeag.ch\/fr\/wp-json\/wp\/v2\/product"}],"about":[{"href":"https:\/\/sibeag.ch\/fr\/wp-json\/wp\/v2\/types\/product"}],"wp:featuredmedia":[{"embeddable":true,"href":"https:\/\/sibeag.ch\/fr\/wp-json\/wp\/v2\/media\/8812"}],"wp:attachment":[{"href":"https:\/\/sibeag.ch\/fr\/wp-json\/wp\/v2\/media?parent=12494"}],"wp:term":[{"taxonomy":"product_brand","embeddable":true,"href":"https:\/\/sibeag.ch\/fr\/wp-json\/wp\/v2\/product_brand?post=12494"},{"taxonomy":"product_cat","embeddable":true,"href":"https:\/\/sibeag.ch\/fr\/wp-json\/wp\/v2\/product_cat?post=12494"},{"taxonomy":"product_tag","embeddable":true,"href":"https:\/\/sibeag.ch\/fr\/wp-json\/wp\/v2\/product_tag?post=12494"}],"curies":[{"name":"wp","href":"https:\/\/api.w.org\/{rel}","templated":true}]}}