{"id":12557,"date":"2019-01-25T08:35:43","date_gmt":"2019-02-06T22:05:49","guid":{"rendered":"https:\/\/www.sibeag.ch\/shop\/unkategorisiert\/boitier-kooler-aid\/"},"modified":"2026-02-18T17:04:41","modified_gmt":"2026-02-18T16:04:41","slug":"boitier-kooler-aid","status":"publish","type":"product","link":"https:\/\/sibeag.ch\/fr\/parcours-de-golf\/fairway-fr\/stations-deau-fr\/pieces-detachees-accessoires-pour-stations-deau-fr\/boitier-kooler-aid\/","title":{"rendered":"Bo\u00eetier Kooler-Aid"},"content":{"rendered":"","protected":false},"excerpt":{"rendered":"<p><img loading=\"lazy\" decoding=\"async\" class=\"alignright size-medium wp-image-3355\" src=\"https:\/\/www.sibeag.ch\/wp-content\/uploads\/StandardGolf_Logo-300x83.jpg\" alt=\"Logo de Standard Golf\" width=\"112\" height=\"31\"><\/p>\n<h1>Bo\u00eetier Kooler-Aid<\/h1>\n<ul>\n<li>pour le r\u00e9servoir r\u00e9frig\u00e9rant Igloo 38 litres<\/li>\n<\/ul>\n","protected":false},"featured_media":8718,"template":"","meta":{"_acf_changed":false},"product_brand":[],"product_cat":[961,966,1012,1013],"product_tag":[],"class_list":{"0":"entry","1":"author-sibegolf","2":"has-excerpt","3":"post-12557","4":"product","5":"type-product","6":"status-publish","7":"has-post-thumbnail","8":"product_cat-parcours-de-golf","9":"product_cat-depart","10":"product_cat-pieces-detachees-accessoires-pour-stations-deau","11":"product_cat-pieces-detachees-accessoires-pour-stations-deau-fr","13":"first","14":"instock","15":"taxable","16":"shipping-taxable","17":"purchasable","18":"product-type-variable"},"acf":[],"_links":{"self":[{"href":"https:\/\/sibeag.ch\/fr\/wp-json\/wp\/v2\/product\/12557","targetHints":{"allow":["GET"]}}],"collection":[{"href":"https:\/\/sibeag.ch\/fr\/wp-json\/wp\/v2\/product"}],"about":[{"href":"https:\/\/sibeag.ch\/fr\/wp-json\/wp\/v2\/types\/product"}],"wp:featuredmedia":[{"embeddable":true,"href":"https:\/\/sibeag.ch\/fr\/wp-json\/wp\/v2\/media\/8718"}],"wp:attachment":[{"href":"https:\/\/sibeag.ch\/fr\/wp-json\/wp\/v2\/media?parent=12557"}],"wp:term":[{"taxonomy":"product_brand","embeddable":true,"href":"https:\/\/sibeag.ch\/fr\/wp-json\/wp\/v2\/product_brand?post=12557"},{"taxonomy":"product_cat","embeddable":true,"href":"https:\/\/sibeag.ch\/fr\/wp-json\/wp\/v2\/product_cat?post=12557"},{"taxonomy":"product_tag","embeddable":true,"href":"https:\/\/sibeag.ch\/fr\/wp-json\/wp\/v2\/product_tag?post=12557"}],"curies":[{"name":"wp","href":"https:\/\/api.w.org\/{rel}","templated":true}]}}