{"id":12574,"date":"2019-01-25T08:38:32","date_gmt":"2019-02-07T13:32:58","guid":{"rendered":"https:\/\/www.sibeag.ch\/shop\/non class\u00e9\/station-deau-trepied-deluxe\/"},"modified":"2026-02-18T17:00:55","modified_gmt":"2026-02-18T16:00:55","slug":"station-deau-trepied-deluxe","status":"publish","type":"product","link":"https:\/\/sibeag.ch\/fr\/parcours-de-golf\/fairway-fr\/stations-deau-fr\/station-deau-trepied-deluxe\/","title":{"rendered":"Station d&rsquo;eau Tr\u00e9pied Deluxe"},"content":{"rendered":"","protected":false},"excerpt":{"rendered":"<p><img loading=\"lazy\" decoding=\"async\" class=\"alignright size-medium wp-image-3355\" src=\"https:\/\/www.sibeag.ch\/wp-content\/uploads\/StandardGolf_Logo-300x83.jpg\" alt=\"Logo de Standard Golf\" width=\"112\" height=\"31\"><\/p>\n<h1>Station d&rsquo;eau Tr\u00e9pied Deluxe<\/h1>\n<p>La version Deluxe comporte une couvercle pour le r\u00e9servoir r\u00e9frig\u00e9rant Igloo.<br \/>\nLa conception pliable est une solution parfaite pour des besoins temporaires d\u2019eau.<\/p>\n<ul>\n<li>172 x 64 cm (H x L)<\/li>\n<li>compatible avec le r\u00e9servoir r\u00e9frig\u00e9rant Igloo 38 litres (non compris)<\/li>\n<li>en plastique recycl\u00e9<\/li>\n<\/ul>\n","protected":false},"featured_media":9320,"template":"","meta":{"_acf_changed":false},"product_brand":[],"product_cat":[961,1036,1037],"product_tag":[1938],"class_list":{"0":"entry","1":"author-sibegolf","2":"has-excerpt","3":"post-12574","4":"product","5":"type-product","6":"status-publish","7":"has-post-thumbnail","8":"product_cat-parcours-de-golf","9":"product_cat-stations-deau","10":"product_cat-stations-deau-fr","11":"product_tag-stations-deau","13":"first","14":"instock","15":"taxable","16":"shipping-taxable","17":"purchasable","18":"product-type-variable"},"acf":[],"_links":{"self":[{"href":"https:\/\/sibeag.ch\/fr\/wp-json\/wp\/v2\/product\/12574","targetHints":{"allow":["GET"]}}],"collection":[{"href":"https:\/\/sibeag.ch\/fr\/wp-json\/wp\/v2\/product"}],"about":[{"href":"https:\/\/sibeag.ch\/fr\/wp-json\/wp\/v2\/types\/product"}],"wp:featuredmedia":[{"embeddable":true,"href":"https:\/\/sibeag.ch\/fr\/wp-json\/wp\/v2\/media\/9320"}],"wp:attachment":[{"href":"https:\/\/sibeag.ch\/fr\/wp-json\/wp\/v2\/media?parent=12574"}],"wp:term":[{"taxonomy":"product_brand","embeddable":true,"href":"https:\/\/sibeag.ch\/fr\/wp-json\/wp\/v2\/product_brand?post=12574"},{"taxonomy":"product_cat","embeddable":true,"href":"https:\/\/sibeag.ch\/fr\/wp-json\/wp\/v2\/product_cat?post=12574"},{"taxonomy":"product_tag","embeddable":true,"href":"https:\/\/sibeag.ch\/fr\/wp-json\/wp\/v2\/product_tag?post=12574"}],"curies":[{"name":"wp","href":"https:\/\/api.w.org\/{rel}","templated":true}]}}