{"id":12582,"date":"2019-01-25T08:37:44","date_gmt":"2019-02-07T13:34:47","guid":{"rendered":"https:\/\/www.sibeag.ch\/shop\/non%20class\u00e9\/marque-de-depart-centennial-fonte-du-bronze\/"},"modified":"2026-02-18T17:00:49","modified_gmt":"2026-02-18T16:00:49","slug":"marque-de-depart-centennial-fonte-du-bronze","status":"publish","type":"product","link":"https:\/\/sibeag.ch\/fr\/parcours-de-golf\/depart\/marques-de-depart\/marque-de-depart-centennial-fonte-du-bronze\/","title":{"rendered":"Marque de d\u00e9part Centennial, fonte du bronze"},"content":{"rendered":"","protected":false},"excerpt":{"rendered":"<p><img loading=\"lazy\" decoding=\"async\" class=\"alignright size-medium wp-image-3355\" src=\"https:\/\/www.sibeag.ch\/wp-content\/uploads\/StandardGolf_Logo-300x83.jpg\" alt=\"Logo de Standard Golf\" width=\"112\" height=\"31\"><\/p>\n<h1>Marque de d\u00e9part Centennial, fonte du bronze<\/h1>\n<p>La s\u00e9rie de marques de d\u00e9part Centennial sont moul\u00e9 d&rsquo;une pi\u00e8ce et personnalisable sur les deux c\u00f4t\u00e9s<\/p>\n<ul>\n<li>disponible en plusieurs dimensions et formes<\/li>\n<li>avec deux pointes de 10 cm<\/li>\n<\/ul>\n","protected":false},"featured_media":9202,"template":"","meta":{"_acf_changed":false},"product_brand":[],"product_cat":[961,966,1009],"product_tag":[2164,1910],"class_list":{"0":"entry","1":"author-sibegolf","2":"has-excerpt","3":"post-12582","4":"product","5":"type-product","6":"status-publish","7":"has-post-thumbnail","8":"product_cat-parcours-de-golf","9":"product_cat-depart","10":"product_cat-marques-de-depart","11":"product_tag-logo-fr","12":"product_tag-marques-de-depart","14":"first","15":"instock","16":"taxable","17":"shipping-taxable","18":"purchasable","19":"product-type-variable"},"acf":[],"_links":{"self":[{"href":"https:\/\/sibeag.ch\/fr\/wp-json\/wp\/v2\/product\/12582","targetHints":{"allow":["GET"]}}],"collection":[{"href":"https:\/\/sibeag.ch\/fr\/wp-json\/wp\/v2\/product"}],"about":[{"href":"https:\/\/sibeag.ch\/fr\/wp-json\/wp\/v2\/types\/product"}],"wp:featuredmedia":[{"embeddable":true,"href":"https:\/\/sibeag.ch\/fr\/wp-json\/wp\/v2\/media\/9202"}],"wp:attachment":[{"href":"https:\/\/sibeag.ch\/fr\/wp-json\/wp\/v2\/media?parent=12582"}],"wp:term":[{"taxonomy":"product_brand","embeddable":true,"href":"https:\/\/sibeag.ch\/fr\/wp-json\/wp\/v2\/product_brand?post=12582"},{"taxonomy":"product_cat","embeddable":true,"href":"https:\/\/sibeag.ch\/fr\/wp-json\/wp\/v2\/product_cat?post=12582"},{"taxonomy":"product_tag","embeddable":true,"href":"https:\/\/sibeag.ch\/fr\/wp-json\/wp\/v2\/product_tag?post=12582"}],"curies":[{"name":"wp","href":"https:\/\/api.w.org\/{rel}","templated":true}]}}