{"id":12641,"date":"2019-01-25T08:39:03","date_gmt":"2019-02-07T13:36:58","guid":{"rendered":"https:\/\/www.sibeag.ch\/shop\/non%20class\u00e9\/separateur-deluxe-en-plastique\/"},"modified":"2026-02-18T17:01:12","modified_gmt":"2026-02-18T16:01:12","slug":"separateur-deluxe-plastique","status":"publish","type":"product","link":"https:\/\/sibeag.ch\/fr\/practice-driving-range\/zone-de-depart\/separateurs-supports-de-sac\/separateur-deluxe-plastique\/","title":{"rendered":"S\u00e9parateur Deluxe, en plastique"},"content":{"rendered":"","protected":false},"excerpt":{"rendered":"<h1>S\u00e9parateur Deluxe, en plastique<\/h1>\n<p>Les s\u00e9parateurs en plastique offrent une solution simple pour la s\u00e9paration des postes sur le Practice<br \/>\nAvec la poign\u00e9e int\u00e9gr\u00e9e, vous pouvez facilement repositionner les s\u00e9parateurs.<\/p>\n<ul>\n<li>122 x 17 x 5 cm (H x L x P)<\/li>\n<li>avec 3 pointes<\/li>\n<\/ul>\n<p>&nbsp;<\/p>\n","protected":false},"featured_media":8916,"template":"","meta":{"_acf_changed":false},"product_brand":[],"product_cat":[964,2768,1041],"product_tag":[],"class_list":{"0":"entry","1":"author-sibegolf","2":"has-excerpt","3":"post-12641","4":"product","5":"type-product","6":"status-publish","7":"has-post-thumbnail","8":"product_cat-practice-driving-range","9":"product_cat-zone-de-depart","10":"product_cat-separateurs-supports-de-sac","12":"first","13":"instock","14":"taxable","15":"shipping-taxable","16":"purchasable","17":"product-type-variable"},"acf":[],"_links":{"self":[{"href":"https:\/\/sibeag.ch\/fr\/wp-json\/wp\/v2\/product\/12641","targetHints":{"allow":["GET"]}}],"collection":[{"href":"https:\/\/sibeag.ch\/fr\/wp-json\/wp\/v2\/product"}],"about":[{"href":"https:\/\/sibeag.ch\/fr\/wp-json\/wp\/v2\/types\/product"}],"wp:featuredmedia":[{"embeddable":true,"href":"https:\/\/sibeag.ch\/fr\/wp-json\/wp\/v2\/media\/8916"}],"wp:attachment":[{"href":"https:\/\/sibeag.ch\/fr\/wp-json\/wp\/v2\/media?parent=12641"}],"wp:term":[{"taxonomy":"product_brand","embeddable":true,"href":"https:\/\/sibeag.ch\/fr\/wp-json\/wp\/v2\/product_brand?post=12641"},{"taxonomy":"product_cat","embeddable":true,"href":"https:\/\/sibeag.ch\/fr\/wp-json\/wp\/v2\/product_cat?post=12641"},{"taxonomy":"product_tag","embeddable":true,"href":"https:\/\/sibeag.ch\/fr\/wp-json\/wp\/v2\/product_tag?post=12641"}],"curies":[{"name":"wp","href":"https:\/\/api.w.org\/{rel}","templated":true}]}}