{"id":12770,"date":"2019-01-25T08:41:39","date_gmt":"2019-02-07T14:08:08","guid":{"rendered":"https:\/\/www.sibeag.ch\/shop\/non%20class\u00e9\/console-de-depart-tradition-3\/"},"modified":"2026-02-18T17:03:50","modified_gmt":"2026-02-18T16:03:50","slug":"console-de-depart-tradition-3","status":"publish","type":"product","link":"https:\/\/sibeag.ch\/fr\/parcours-de-golf\/depart\/ensembles-de-depart\/console-de-depart-tradition-3\/","title":{"rendered":"Console de d\u00e9part Tradition 3"},"content":{"rendered":"","protected":false},"excerpt":{"rendered":"<p><img loading=\"lazy\" decoding=\"async\" class=\"alignright size-full wp-image-184\" src=\"https:\/\/www.sibeag.ch\/wp-content\/uploads\/Standard-Golf-Logo.jpg\" alt=\"Standard Golf Logo\" width=\"112\" height=\"30\"><\/p>\n<h1>Console de d\u00e9part Tradition 3<\/h1>\n<p>Gr\u00e2ce \u00e0 la base de 48 cm, les ensembles de d\u00e9part de la s\u00e9rie Tradition offrent un stand id\u00e9al et peuvent \u00eatre ancr\u00e9es dans le sol par les pointes inclus.<\/p>\n<ul>\n<li>comprend un lave-balles Premier ou Medalist<\/li>\n<li>avec 2 poubelles Trash Mate de 34 litres de capacit\u00e9<\/li>\n<\/ul>\n","protected":false},"featured_media":7978,"template":"","meta":{"_acf_changed":false},"product_brand":[],"product_cat":[961,966,1042],"product_tag":[1914],"class_list":{"0":"entry","1":"author-sibegolf","2":"has-excerpt","3":"post-12770","4":"product","5":"type-product","6":"status-publish","7":"has-post-thumbnail","8":"product_cat-parcours-de-golf","9":"product_cat-depart","10":"product_cat-ensembles-de-depart","11":"product_tag-ensembles-de-depart","13":"first","14":"instock","15":"taxable","16":"shipping-taxable","17":"purchasable","18":"product-type-variable"},"acf":[],"_links":{"self":[{"href":"https:\/\/sibeag.ch\/fr\/wp-json\/wp\/v2\/product\/12770","targetHints":{"allow":["GET"]}}],"collection":[{"href":"https:\/\/sibeag.ch\/fr\/wp-json\/wp\/v2\/product"}],"about":[{"href":"https:\/\/sibeag.ch\/fr\/wp-json\/wp\/v2\/types\/product"}],"wp:featuredmedia":[{"embeddable":true,"href":"https:\/\/sibeag.ch\/fr\/wp-json\/wp\/v2\/media\/7978"}],"wp:attachment":[{"href":"https:\/\/sibeag.ch\/fr\/wp-json\/wp\/v2\/media?parent=12770"}],"wp:term":[{"taxonomy":"product_brand","embeddable":true,"href":"https:\/\/sibeag.ch\/fr\/wp-json\/wp\/v2\/product_brand?post=12770"},{"taxonomy":"product_cat","embeddable":true,"href":"https:\/\/sibeag.ch\/fr\/wp-json\/wp\/v2\/product_cat?post=12770"},{"taxonomy":"product_tag","embeddable":true,"href":"https:\/\/sibeag.ch\/fr\/wp-json\/wp\/v2\/product_tag?post=12770"}],"curies":[{"name":"wp","href":"https:\/\/api.w.org\/{rel}","templated":true}]}}