{"id":12791,"date":"2019-01-25T08:42:15","date_gmt":"2019-02-07T14:11:40","guid":{"rendered":"https:\/\/www.sibeag.ch\/shop\/non%20class\u00e9\/panneau-de-depart-turfstone\/"},"modified":"2024-11-30T09:29:55","modified_gmt":"2024-11-30T08:29:55","slug":"panneau-de-depart-turfstone","status":"publish","type":"product","link":"https:\/\/sibeag.ch\/fr\/parcours-de-golf\/signaletique\/panneaux-de-depart-fr\/en-plastique\/panneau-de-depart-turfstone\/","title":{"rendered":"Panneau de d\u00e9part Turfstone"},"content":{"rendered":"","protected":false},"excerpt":{"rendered":"<p><img loading=\"lazy\" decoding=\"async\" class=\"alignright size-full wp-image-184\" src=\"https:\/\/www.sibeag.ch\/wp-content\/uploads\/Standard-Golf-Logo.jpg\" alt=\"Standard Golf Logo\" width=\"112\" height=\"30\"><\/p>\n<h1>Panneau de d\u00e9part Turfstone<\/h1>\n<ul>\n<li>61 x 41 cm<\/li>\n<li>conception selon votre choix<\/li>\n<li>les panneaux peuvent \u00eatre install\u00e9s horizontale ou verticale sur les poteaux TurfStone<\/li>\n<li>Points d&rsquo;ancrage et poteaux de sol vendus s\u00e9par\u00e9ment en 3 tailles diff\u00e9rentes<\/li>\n<\/ul>\n","protected":false},"featured_media":7998,"template":"","meta":{"_acf_changed":false},"product_brand":[],"product_cat":[961,966,1043,1044,1045],"product_tag":[2939],"class_list":{"0":"entry","1":"author-sibegolf","2":"has-excerpt","3":"post-12791","4":"product","5":"type-product","6":"status-publish","7":"has-post-thumbnail","8":"product_cat-parcours-de-golf","9":"product_cat-depart","10":"product_cat-panneaux-de-depart","11":"product_cat-panneaux-de-depart-fr","12":"product_cat-en-plastique","13":"product_tag-sur-demande","15":"first","16":"instock","17":"taxable","18":"shipping-taxable","19":"purchasable","20":"product-type-variable"},"acf":[],"_links":{"self":[{"href":"https:\/\/sibeag.ch\/fr\/wp-json\/wp\/v2\/product\/12791","targetHints":{"allow":["GET"]}}],"collection":[{"href":"https:\/\/sibeag.ch\/fr\/wp-json\/wp\/v2\/product"}],"about":[{"href":"https:\/\/sibeag.ch\/fr\/wp-json\/wp\/v2\/types\/product"}],"wp:featuredmedia":[{"embeddable":true,"href":"https:\/\/sibeag.ch\/fr\/wp-json\/wp\/v2\/media\/7998"}],"wp:attachment":[{"href":"https:\/\/sibeag.ch\/fr\/wp-json\/wp\/v2\/media?parent=12791"}],"wp:term":[{"taxonomy":"product_brand","embeddable":true,"href":"https:\/\/sibeag.ch\/fr\/wp-json\/wp\/v2\/product_brand?post=12791"},{"taxonomy":"product_cat","embeddable":true,"href":"https:\/\/sibeag.ch\/fr\/wp-json\/wp\/v2\/product_cat?post=12791"},{"taxonomy":"product_tag","embeddable":true,"href":"https:\/\/sibeag.ch\/fr\/wp-json\/wp\/v2\/product_tag?post=12791"}],"curies":[{"name":"wp","href":"https:\/\/api.w.org\/{rel}","templated":true}]}}