{"id":12808,"date":"2019-01-25T08:42:26","date_gmt":"2019-02-07T14:18:24","guid":{"rendered":"https:\/\/www.sibeag.ch\/shop\/non%20class\u00e9\/filtre-deau-brita\/"},"modified":"2024-11-30T09:29:53","modified_gmt":"2024-11-30T08:29:53","slug":"filte-deau-brita","status":"publish","type":"product","link":"https:\/\/sibeag.ch\/fr\/parcours-de-golf\/fairway-fr\/stations-deau-fr\/pieces-detachees-accessoires-pour-stations-deau-fr\/filte-deau-brita\/","title":{"rendered":"Filtre d&rsquo;eau Brita"},"content":{"rendered":"","protected":false},"excerpt":{"rendered":"<p><img loading=\"lazy\" decoding=\"async\" class=\"alignright size-full wp-image-184\" src=\"https:\/\/www.sibeag.ch\/wp-content\/uploads\/Standard-Golf-Logo.jpg\" alt=\"Standard Golf Logo\" width=\"112\" height=\"30\"><\/p>\n<h1>Filtre d&rsquo;eau Brita<\/h1>\n<p>Gr\u00e2ce au filtre d&rsquo;eau Brita l&rsquo;eau n&rsquo;a plus un go\u00fbt de chlore.<\/p>\n<ul>\n<li>am\u00e9liore la saveur de l&rsquo;eau<\/li>\n<li>adaptateur n\u00e9cessaire pour la fixation du filtre dans le r\u00e9servoir r\u00e9frig\u00e9rant Igloo<\/li>\n<li>1 filtre suffit pour environ 300-380 litres<\/li>\n<li>4 filtres par paquet<\/li>\n<\/ul>\n","protected":false},"featured_media":8128,"template":"","meta":{"_acf_changed":false},"product_brand":[],"product_cat":[961,1012,1013],"product_tag":[2939],"class_list":{"0":"entry","1":"author-sibegolf","2":"has-excerpt","3":"post-12808","4":"product","5":"type-product","6":"status-publish","7":"has-post-thumbnail","8":"product_cat-parcours-de-golf","9":"product_cat-pieces-detachees-accessoires-pour-stations-deau","10":"product_cat-pieces-detachees-accessoires-pour-stations-deau-fr","11":"product_tag-sur-demande","13":"first","14":"instock","15":"taxable","16":"shipping-taxable","17":"product-type-variable"},"acf":[],"_links":{"self":[{"href":"https:\/\/sibeag.ch\/fr\/wp-json\/wp\/v2\/product\/12808","targetHints":{"allow":["GET"]}}],"collection":[{"href":"https:\/\/sibeag.ch\/fr\/wp-json\/wp\/v2\/product"}],"about":[{"href":"https:\/\/sibeag.ch\/fr\/wp-json\/wp\/v2\/types\/product"}],"wp:featuredmedia":[{"embeddable":true,"href":"https:\/\/sibeag.ch\/fr\/wp-json\/wp\/v2\/media\/8128"}],"wp:attachment":[{"href":"https:\/\/sibeag.ch\/fr\/wp-json\/wp\/v2\/media?parent=12808"}],"wp:term":[{"taxonomy":"product_brand","embeddable":true,"href":"https:\/\/sibeag.ch\/fr\/wp-json\/wp\/v2\/product_brand?post=12808"},{"taxonomy":"product_cat","embeddable":true,"href":"https:\/\/sibeag.ch\/fr\/wp-json\/wp\/v2\/product_cat?post=12808"},{"taxonomy":"product_tag","embeddable":true,"href":"https:\/\/sibeag.ch\/fr\/wp-json\/wp\/v2\/product_tag?post=12808"}],"curies":[{"name":"wp","href":"https:\/\/api.w.org\/{rel}","templated":true}]}}