{"id":12875,"date":"2019-01-25T08:44:16","date_gmt":"2019-02-07T14:28:36","guid":{"rendered":"https:\/\/www.sibeag.ch\/shop\/non%20class\u00e9\/station-deau-a-base-ouverte\/"},"modified":"2026-02-18T17:04:13","modified_gmt":"2026-02-18T16:04:13","slug":"station-deau-a-base-ouverte","status":"publish","type":"product","link":"https:\/\/sibeag.ch\/fr\/parcours-de-golf\/fairway-fr\/stations-deau-fr\/station-deau-a-base-ouverte\/","title":{"rendered":"Station d&rsquo;eau \u00e0 base ouverte"},"content":{"rendered":"","protected":false},"excerpt":{"rendered":"<p><img loading=\"lazy\" decoding=\"async\" class=\"alignright size-medium wp-image-3355\" src=\"https:\/\/www.sibeag.ch\/wp-content\/uploads\/StandardGolf_Logo-300x83.jpg\" alt=\"Logo de Standard Golf\" width=\"112\" height=\"31\"><\/p>\n<h1>Station d&rsquo;eau \u00e0 base ouverte<\/h1>\n<ul>\n<li>178 x 58 x 58 cm (H x L x P)<\/li>\n<li>compatible avec le r\u00e9servoir r\u00e9frig\u00e9rant Igloo 38 litres (non compris)<\/li>\n<li>comprend un distributeur de gobelets<\/li>\n<li>en plastique recycl\u00e9<\/li>\n<\/ul>\n","protected":false},"featured_media":9316,"template":"","meta":{"_acf_changed":false},"product_brand":[],"product_cat":[1036,1037],"product_tag":[1938],"class_list":{"0":"entry","1":"author-sibegolf","2":"has-excerpt","3":"post-12875","4":"product","5":"type-product","6":"status-publish","7":"has-post-thumbnail","8":"product_cat-stations-deau","9":"product_cat-stations-deau-fr","10":"product_tag-stations-deau","12":"first","13":"instock","14":"taxable","15":"shipping-taxable","16":"purchasable","17":"product-type-variable"},"acf":[],"_links":{"self":[{"href":"https:\/\/sibeag.ch\/fr\/wp-json\/wp\/v2\/product\/12875","targetHints":{"allow":["GET"]}}],"collection":[{"href":"https:\/\/sibeag.ch\/fr\/wp-json\/wp\/v2\/product"}],"about":[{"href":"https:\/\/sibeag.ch\/fr\/wp-json\/wp\/v2\/types\/product"}],"wp:featuredmedia":[{"embeddable":true,"href":"https:\/\/sibeag.ch\/fr\/wp-json\/wp\/v2\/media\/9316"}],"wp:attachment":[{"href":"https:\/\/sibeag.ch\/fr\/wp-json\/wp\/v2\/media?parent=12875"}],"wp:term":[{"taxonomy":"product_brand","embeddable":true,"href":"https:\/\/sibeag.ch\/fr\/wp-json\/wp\/v2\/product_brand?post=12875"},{"taxonomy":"product_cat","embeddable":true,"href":"https:\/\/sibeag.ch\/fr\/wp-json\/wp\/v2\/product_cat?post=12875"},{"taxonomy":"product_tag","embeddable":true,"href":"https:\/\/sibeag.ch\/fr\/wp-json\/wp\/v2\/product_tag?post=12875"}],"curies":[{"name":"wp","href":"https:\/\/api.w.org\/{rel}","templated":true}]}}