{"id":12899,"date":"2019-01-25T08:44:57","date_gmt":"2019-02-07T14:36:05","guid":{"rendered":"https:\/\/www.sibeag.ch\/shop\/non%20class\u00e9\/piquet-dobstacle-court\/"},"modified":"2026-02-18T17:04:29","modified_gmt":"2026-02-18T16:04:29","slug":"piquet-dobstacle-rond","status":"publish","type":"product","link":"https:\/\/sibeag.ch\/fr\/greenkeeping-fr\/delimitation\/poteaux\/piquet-dobstacle-rond\/","title":{"rendered":"Piquet d\u2019obstacle rond"},"content":{"rendered":"","protected":false},"excerpt":{"rendered":"<p><img loading=\"lazy\" decoding=\"async\" class=\"alignright size-medium wp-image-3355\" src=\"https:\/\/www.sibeag.ch\/wp-content\/uploads\/StandardGolf_Logo-300x83.jpg\" alt=\"Logo Standard Golf\" width=\"112\" height=\"31\"><\/p>\n<h1>Piquet d\u2019obstacle rond<\/h1>\n<p>Les marqueurs d&rsquo;obstacle courts sont \u00e9quip\u00e9s avec un couvercle de couleur de 10 cm de hauteur<\/p>\n<ul>\n<li>15.9 cm de hauteur<\/li>\n<li>3.8 cm de diam\u00e8tre<\/li>\n<li>pointe de 14.6 cm<\/li>\n<li>bo\u00eete de 25 pi\u00e8ces bo\u00eete inclus<\/li>\n<\/ul>\n","protected":false},"featured_media":8766,"template":"","meta":{"_acf_changed":false},"product_brand":[],"product_cat":[961,969,1049,1001,1015,2804],"product_tag":[],"class_list":{"0":"entry","1":"author-sibegolf","2":"has-excerpt","3":"post-12899","4":"product","5":"type-product","6":"status-publish","7":"has-post-thumbnail","8":"product_cat-parcours-de-golf","9":"product_cat-fairway-fr","10":"product_cat-marqueurs-dobstacles","11":"product_cat-greenkeeping-fr","12":"product_cat-delimitation","13":"product_cat-poteaux","15":"first","16":"instock","17":"taxable","18":"shipping-taxable","19":"purchasable","20":"product-type-variable"},"acf":[],"_links":{"self":[{"href":"https:\/\/sibeag.ch\/fr\/wp-json\/wp\/v2\/product\/12899","targetHints":{"allow":["GET"]}}],"collection":[{"href":"https:\/\/sibeag.ch\/fr\/wp-json\/wp\/v2\/product"}],"about":[{"href":"https:\/\/sibeag.ch\/fr\/wp-json\/wp\/v2\/types\/product"}],"wp:featuredmedia":[{"embeddable":true,"href":"https:\/\/sibeag.ch\/fr\/wp-json\/wp\/v2\/media\/8766"}],"wp:attachment":[{"href":"https:\/\/sibeag.ch\/fr\/wp-json\/wp\/v2\/media?parent=12899"}],"wp:term":[{"taxonomy":"product_brand","embeddable":true,"href":"https:\/\/sibeag.ch\/fr\/wp-json\/wp\/v2\/product_brand?post=12899"},{"taxonomy":"product_cat","embeddable":true,"href":"https:\/\/sibeag.ch\/fr\/wp-json\/wp\/v2\/product_cat?post=12899"},{"taxonomy":"product_tag","embeddable":true,"href":"https:\/\/sibeag.ch\/fr\/wp-json\/wp\/v2\/product_tag?post=12899"}],"curies":[{"name":"wp","href":"https:\/\/api.w.org\/{rel}","templated":true}]}}