{"id":12902,"date":"2019-01-25T08:45:04","date_gmt":"2019-01-25T08:45:04","guid":{"rendered":"https:\/\/www.sibeag.ch\/shop\/non%20class\u00e9\/horloge-sur-poteau\/"},"modified":"2026-02-18T17:04:37","modified_gmt":"2026-02-18T16:04:37","slug":"horloge-sur-poteau","status":"publish","type":"product","link":"https:\/\/sibeag.ch\/fr\/parcours-de-golf\/signaletique\/horloges-sur-chevalets\/horloge-sur-poteau\/","title":{"rendered":"Horloge sur poteau"},"content":{"rendered":"","protected":false},"excerpt":{"rendered":"<p><img loading=\"lazy\" decoding=\"async\" class=\"alignright size-medium wp-image-3355\" src=\"https:\/\/sibeag.ch\/wp-content\/uploads\/.\/StandardGolf_Logo-300x83.jpg\" alt=\"Logo de Standard Golf\" width=\"112\" height=\"31\"><\/p>\n<h1>Horloge sur poteau<\/h1>\n<ul>\n<li>2 variantes disponible:<br \/>\n<strong>Standard<\/strong>: 91 x 10 x 10 cm (H x L x P), horloge \u00f8 30.5 cm<br \/>\n<strong>Deluxe<\/strong>: 122 x 10 x 10 cm (H x L x P), horloge atomique \u00f8 45.7 cm avec thermom\u00e8tre et hydrom\u00e8tre int\u00e9gr\u00e9<\/li>\n<li>avec 4 pointes<\/li>\n<li>en plastique recycl\u00e9<\/li>\n<\/ul>\n","protected":false},"featured_media":121667,"template":"","meta":{"_acf_changed":false},"product_brand":[],"product_cat":[961,966,974,1051],"product_tag":[],"class_list":{"0":"entry","1":"author-sibegolf","2":"has-excerpt","3":"post-12902","4":"product","5":"type-product","6":"status-publish","7":"has-post-thumbnail","8":"product_cat-parcours-de-golf","9":"product_cat-depart","10":"product_cat-signaletique","11":"product_cat-horloges-sur-chevalets","13":"first","14":"instock","15":"taxable","16":"shipping-taxable","17":"purchasable","18":"product-type-variable"},"acf":[],"_links":{"self":[{"href":"https:\/\/sibeag.ch\/fr\/wp-json\/wp\/v2\/product\/12902","targetHints":{"allow":["GET"]}}],"collection":[{"href":"https:\/\/sibeag.ch\/fr\/wp-json\/wp\/v2\/product"}],"about":[{"href":"https:\/\/sibeag.ch\/fr\/wp-json\/wp\/v2\/types\/product"}],"wp:featuredmedia":[{"embeddable":true,"href":"https:\/\/sibeag.ch\/fr\/wp-json\/wp\/v2\/media\/121667"}],"wp:attachment":[{"href":"https:\/\/sibeag.ch\/fr\/wp-json\/wp\/v2\/media?parent=12902"}],"wp:term":[{"taxonomy":"product_brand","embeddable":true,"href":"https:\/\/sibeag.ch\/fr\/wp-json\/wp\/v2\/product_brand?post=12902"},{"taxonomy":"product_cat","embeddable":true,"href":"https:\/\/sibeag.ch\/fr\/wp-json\/wp\/v2\/product_cat?post=12902"},{"taxonomy":"product_tag","embeddable":true,"href":"https:\/\/sibeag.ch\/fr\/wp-json\/wp\/v2\/product_tag?post=12902"}],"curies":[{"name":"wp","href":"https:\/\/api.w.org\/{rel}","templated":true}]}}