{"id":12921,"date":"2019-01-25T08:45:32","date_gmt":"2019-02-07T14:36:21","guid":{"rendered":"https:\/\/www.sibeag.ch\/shop\/non%20class\u00e9\/station-de-nettoyage-deluxe\/"},"modified":"2026-02-18T17:04:40","modified_gmt":"2026-02-18T16:04:40","slug":"station-de-nettoyage-deluxe","status":"publish","type":"product","link":"https:\/\/sibeag.ch\/fr\/club-house\/entree\/nettoyage-de-chaussures\/station-de-nettoyage-deluxe\/","title":{"rendered":"Station de nettoyage Deluxe"},"content":{"rendered":"","protected":false},"excerpt":{"rendered":"<p><img loading=\"lazy\" decoding=\"async\" class=\"alignright size-medium wp-image-3355\" src=\"https:\/\/www.sibeag.ch\/wp-content\/uploads\/StandardGolf_Logo-300x83.jpg\" alt=\"Logo Standard Golf\" width=\"112\" height=\"31\"><\/p>\n<h1>Station de nettoyage Deluxe<\/h1>\n<ul>\n<li>97 x 66 x 56 cm (H x L x P)<\/li>\n<li>r\u00e9cup\u00e8re les impuret\u00e9s dans un bac<\/li>\n<li>en option avec un caisson de compresseur (61 x 36 x 56 cm)<\/li>\n<li>en plastique recycl\u00e9<\/li>\n<\/ul>\n","protected":false},"featured_media":9048,"template":"","meta":{"_acf_changed":false},"product_brand":[],"product_cat":[962,2762,1030,1056,964],"product_tag":[],"class_list":{"0":"entry","1":"author-sibegolf","2":"has-excerpt","3":"post-12921","4":"product","5":"type-product","6":"status-publish","7":"has-post-thumbnail","8":"product_cat-club-house","9":"product_cat-entree","10":"product_cat-nettoyage-de-chaussures","11":"product_cat-nettoyeurs-de-chaussures-avec-air-comprime-eau","12":"product_cat-practice-driving-range","14":"first","15":"instock","16":"taxable","17":"shipping-taxable","18":"purchasable","19":"product-type-variable"},"acf":[],"_links":{"self":[{"href":"https:\/\/sibeag.ch\/fr\/wp-json\/wp\/v2\/product\/12921","targetHints":{"allow":["GET"]}}],"collection":[{"href":"https:\/\/sibeag.ch\/fr\/wp-json\/wp\/v2\/product"}],"about":[{"href":"https:\/\/sibeag.ch\/fr\/wp-json\/wp\/v2\/types\/product"}],"wp:featuredmedia":[{"embeddable":true,"href":"https:\/\/sibeag.ch\/fr\/wp-json\/wp\/v2\/media\/9048"}],"wp:attachment":[{"href":"https:\/\/sibeag.ch\/fr\/wp-json\/wp\/v2\/media?parent=12921"}],"wp:term":[{"taxonomy":"product_brand","embeddable":true,"href":"https:\/\/sibeag.ch\/fr\/wp-json\/wp\/v2\/product_brand?post=12921"},{"taxonomy":"product_cat","embeddable":true,"href":"https:\/\/sibeag.ch\/fr\/wp-json\/wp\/v2\/product_cat?post=12921"},{"taxonomy":"product_tag","embeddable":true,"href":"https:\/\/sibeag.ch\/fr\/wp-json\/wp\/v2\/product_tag?post=12921"}],"curies":[{"name":"wp","href":"https:\/\/api.w.org\/{rel}","templated":true}]}}