{"id":13073,"date":"2019-01-25T09:35:34","date_gmt":"2019-02-07T15:08:26","guid":{"rendered":"https:\/\/www.sibeag.ch\/shop\/non%20class\u00e9\/drapeau-borde-en-nylon-avec-serigraphie\/"},"modified":"2024-11-30T09:27:42","modified_gmt":"2024-11-30T08:27:42","slug":"drapeau-borde-en-nylon-serigraphie","status":"publish","type":"product","link":"https:\/\/sibeag.ch\/fr\/parcours-de-golf\/green-fr\/drapeaux\/drapeaux-personnalises\/drapeau-borde-en-nylon-serigraphie\/","title":{"rendered":"Drapeau bord\u00e9 en nylon avec s\u00e9rigraphie"},"content":{"rendered":"","protected":false},"excerpt":{"rendered":"<p><img loading=\"lazy\" decoding=\"async\" class=\"alignright size-full wp-image-184\" src=\"https:\/\/www.sibeag.ch\/wp-content\/uploads\/Standard-Golf-Logo.jpg\" alt=\"Standard Golf Logo\" width=\"112\" height=\"30\"><\/p>\n<h1>Drapeau bord\u00e9 en nylon avec s\u00e9rigraphie<\/h1>\n<ul>\n<li>35.6 x 50.8 cm<\/li>\n<li>200 deniers<\/li>\n<li>imprim\u00e9 sur un c\u00f4t\u00e9<\/li>\n<li>set de 9 pi\u00e8ces<\/li>\n<\/ul>\n","protected":false},"featured_media":8366,"template":"","meta":{"_acf_changed":false},"product_brand":[],"product_cat":[961,972,1055],"product_tag":[2164,2939],"class_list":{"0":"entry","1":"author-sibegolf","2":"has-excerpt","3":"post-13073","4":"product","5":"type-product","6":"status-publish","7":"has-post-thumbnail","8":"product_cat-parcours-de-golf","9":"product_cat-drapeaux","10":"product_cat-drapeaux-personnalises","11":"product_tag-logo-fr","12":"product_tag-sur-demande","14":"first","15":"instock","16":"taxable","17":"shipping-taxable","18":"purchasable","19":"product-type-variable"},"acf":[],"_links":{"self":[{"href":"https:\/\/sibeag.ch\/fr\/wp-json\/wp\/v2\/product\/13073","targetHints":{"allow":["GET"]}}],"collection":[{"href":"https:\/\/sibeag.ch\/fr\/wp-json\/wp\/v2\/product"}],"about":[{"href":"https:\/\/sibeag.ch\/fr\/wp-json\/wp\/v2\/types\/product"}],"wp:featuredmedia":[{"embeddable":true,"href":"https:\/\/sibeag.ch\/fr\/wp-json\/wp\/v2\/media\/8366"}],"wp:attachment":[{"href":"https:\/\/sibeag.ch\/fr\/wp-json\/wp\/v2\/media?parent=13073"}],"wp:term":[{"taxonomy":"product_brand","embeddable":true,"href":"https:\/\/sibeag.ch\/fr\/wp-json\/wp\/v2\/product_brand?post=13073"},{"taxonomy":"product_cat","embeddable":true,"href":"https:\/\/sibeag.ch\/fr\/wp-json\/wp\/v2\/product_cat?post=13073"},{"taxonomy":"product_tag","embeddable":true,"href":"https:\/\/sibeag.ch\/fr\/wp-json\/wp\/v2\/product_tag?post=13073"}],"curies":[{"name":"wp","href":"https:\/\/api.w.org\/{rel}","templated":true}]}}