{"id":13086,"date":"2019-01-25T08:50:01","date_gmt":"2019-02-07T15:09:31","guid":{"rendered":"https:\/\/www.sibeag.ch\/shop\/non%20class\u00e9\/caisson-de-compresseur\/"},"modified":"2026-02-18T17:05:50","modified_gmt":"2026-02-18T16:05:50","slug":"caisson-de-compresseur","status":"publish","type":"product","link":"https:\/\/sibeag.ch\/fr\/club-house\/entree\/nettoyage-de-chaussures\/caisson-de-compresseur\/","title":{"rendered":"Caisson de compresseur"},"content":{"rendered":"","protected":false},"excerpt":{"rendered":"<p><img loading=\"lazy\" decoding=\"async\" class=\"alignright size-medium wp-image-3355\" src=\"https:\/\/www.sibeag.ch\/wp-content\/uploads\/StandardGolf_Logo-300x83.jpg\" alt=\"Logo Standard Golf\" width=\"112\" height=\"31\"><\/p>\n<h1>Caisson de compresseur<\/h1>\n<p>Placez ce caisson \u00e0 c\u00f4t\u00e9 de la station de nettoyage de chaussures Deluxe afin que le compresseur puisse \u00eatre rang\u00e9.<\/p>\n<ul>\n<li>61 x 36 x 56 cm (H x L x P)<\/li>\n<\/ul>\n","protected":false},"featured_media":8714,"template":"","meta":{"_acf_changed":false},"product_brand":[],"product_cat":[962,2762,1030,1056,964],"product_tag":[],"class_list":{"0":"entry","1":"author-sibegolf","2":"has-excerpt","3":"post-13086","4":"product","5":"type-product","6":"status-publish","7":"has-post-thumbnail","8":"product_cat-club-house","9":"product_cat-entree","10":"product_cat-nettoyage-de-chaussures","11":"product_cat-nettoyeurs-de-chaussures-avec-air-comprime-eau","12":"product_cat-practice-driving-range","14":"first","15":"instock","16":"taxable","17":"shipping-taxable","18":"purchasable","19":"product-type-variable"},"acf":[],"_links":{"self":[{"href":"https:\/\/sibeag.ch\/fr\/wp-json\/wp\/v2\/product\/13086","targetHints":{"allow":["GET"]}}],"collection":[{"href":"https:\/\/sibeag.ch\/fr\/wp-json\/wp\/v2\/product"}],"about":[{"href":"https:\/\/sibeag.ch\/fr\/wp-json\/wp\/v2\/types\/product"}],"wp:featuredmedia":[{"embeddable":true,"href":"https:\/\/sibeag.ch\/fr\/wp-json\/wp\/v2\/media\/8714"}],"wp:attachment":[{"href":"https:\/\/sibeag.ch\/fr\/wp-json\/wp\/v2\/media?parent=13086"}],"wp:term":[{"taxonomy":"product_brand","embeddable":true,"href":"https:\/\/sibeag.ch\/fr\/wp-json\/wp\/v2\/product_brand?post=13086"},{"taxonomy":"product_cat","embeddable":true,"href":"https:\/\/sibeag.ch\/fr\/wp-json\/wp\/v2\/product_cat?post=13086"},{"taxonomy":"product_tag","embeddable":true,"href":"https:\/\/sibeag.ch\/fr\/wp-json\/wp\/v2\/product_tag?post=13086"}],"curies":[{"name":"wp","href":"https:\/\/api.w.org\/{rel}","templated":true}]}}