{"id":13087,"date":"2019-01-25T08:49:11","date_gmt":"2019-02-07T15:09:35","guid":{"rendered":"https:\/\/www.sibeag.ch\/shop\/non%20class\u00e9\/drapeau-imprime\/"},"modified":"2026-02-18T17:05:48","modified_gmt":"2026-02-18T16:05:48","slug":"drapeau-imprime","status":"publish","type":"product","link":"https:\/\/sibeag.ch\/fr\/articles-logote\/drapeaux-avec-impression\/drapeau-imprime\/","title":{"rendered":"Drapeau imprim\u00e9"},"content":{"rendered":"","protected":false},"excerpt":{"rendered":"<h1>Drapeau imprim\u00e9<\/h1>\n<p>Drapeau de golf de haute qualit\u00e9 34 x 49 cm en polyester.<\/p>\n<p>La conception individuelle est possible et les drapeaux peuvent \u00eatre imprim\u00e9es d&rsquo;une mani\u00e8re pleine zone.<\/p>\n<p>\u00e9galement disponible en tant que drapeau dur.<\/p>\n","protected":false},"featured_media":9434,"template":"","meta":{"_acf_changed":false},"product_brand":[],"product_cat":[961,971,972,1055,1104,2167],"product_tag":[2164],"class_list":{"0":"entry","1":"author-sibegolf","2":"has-excerpt","3":"post-13087","4":"product","5":"type-product","6":"status-publish","7":"has-post-thumbnail","8":"product_cat-parcours-de-golf","9":"product_cat-green-fr","10":"product_cat-drapeaux","11":"product_cat-drapeaux-personnalises","12":"product_cat-articles-logote","13":"product_cat-drapeaux-avec-impression","14":"product_tag-logo-fr","16":"first","17":"instock","18":"taxable","19":"shipping-taxable","20":"purchasable","21":"product-type-variable"},"acf":[],"_links":{"self":[{"href":"https:\/\/sibeag.ch\/fr\/wp-json\/wp\/v2\/product\/13087","targetHints":{"allow":["GET"]}}],"collection":[{"href":"https:\/\/sibeag.ch\/fr\/wp-json\/wp\/v2\/product"}],"about":[{"href":"https:\/\/sibeag.ch\/fr\/wp-json\/wp\/v2\/types\/product"}],"wp:featuredmedia":[{"embeddable":true,"href":"https:\/\/sibeag.ch\/fr\/wp-json\/wp\/v2\/media\/9434"}],"wp:attachment":[{"href":"https:\/\/sibeag.ch\/fr\/wp-json\/wp\/v2\/media?parent=13087"}],"wp:term":[{"taxonomy":"product_brand","embeddable":true,"href":"https:\/\/sibeag.ch\/fr\/wp-json\/wp\/v2\/product_brand?post=13087"},{"taxonomy":"product_cat","embeddable":true,"href":"https:\/\/sibeag.ch\/fr\/wp-json\/wp\/v2\/product_cat?post=13087"},{"taxonomy":"product_tag","embeddable":true,"href":"https:\/\/sibeag.ch\/fr\/wp-json\/wp\/v2\/product_tag?post=13087"}],"curies":[{"name":"wp","href":"https:\/\/api.w.org\/{rel}","templated":true}]}}