{"id":13519,"date":"2019-01-25T09:49:39","date_gmt":"2019-02-07T15:21:00","guid":{"rendered":"https:\/\/www.sibeag.ch\/shop\/non%20class\u00e9\/tapis-a-tirer-core-buster\/"},"modified":"2026-02-18T17:08:15","modified_gmt":"2026-02-18T16:08:15","slug":"tapis-a-tirer-core-buster","status":"publish","type":"product","link":"https:\/\/sibeag.ch\/fr\/greenkeeping-fr\/traitement-des-greens\/tapis-a-tirer\/tapis-a-tirer-core-buster\/","title":{"rendered":"Tapis \u00e0 tirer Core Buster"},"content":{"rendered":"","protected":false},"excerpt":{"rendered":"<p><img loading=\"lazy\" decoding=\"async\" class=\"alignright size-medium wp-image-3355 paraide-logo\" src=\"https:\/\/www.sibeag.ch\/wp-content\/uploads\/ParAide-Logo-50x50.jpg\" alt=\"Logo Par Aide\" width=\"50\" height=\"50\"><\/p>\n<h1>Tapis \u00e0 tirer Core Buster<\/h1>\n<p>Gr\u00e2ce au poids l\u00e9ger, le tapis \u00e0 tirer peut \u00eatre port\u00e9 par une personne.<\/p>\n<ul>\n<li>panneau en plastique seul 51 x 51 x 5 cm<\/li>\n<li>contient une barre de fixation et le mat\u00e9riel de montage<\/li>\n<\/ul>\n","protected":false},"featured_media":7649,"template":"","meta":{"_acf_changed":false},"product_brand":[],"product_cat":[1001,1028,2785,1025],"product_tag":[],"class_list":{"0":"entry","1":"author-sibegolf","2":"has-excerpt","3":"post-13519","4":"product","5":"type-product","6":"status-publish","7":"has-post-thumbnail","8":"product_cat-greenkeeping-fr","9":"product_cat-traitement-des-greens","10":"product_cat-tapis-a-tirer","11":"product_cat-outils-dentretien","12":"product_shipping_class-objets-encombrants","14":"first","15":"instock","16":"taxable","17":"shipping-taxable","18":"purchasable","19":"product-type-variable"},"acf":[],"_links":{"self":[{"href":"https:\/\/sibeag.ch\/fr\/wp-json\/wp\/v2\/product\/13519","targetHints":{"allow":["GET"]}}],"collection":[{"href":"https:\/\/sibeag.ch\/fr\/wp-json\/wp\/v2\/product"}],"about":[{"href":"https:\/\/sibeag.ch\/fr\/wp-json\/wp\/v2\/types\/product"}],"wp:featuredmedia":[{"embeddable":true,"href":"https:\/\/sibeag.ch\/fr\/wp-json\/wp\/v2\/media\/7649"}],"wp:attachment":[{"href":"https:\/\/sibeag.ch\/fr\/wp-json\/wp\/v2\/media?parent=13519"}],"wp:term":[{"taxonomy":"product_brand","embeddable":true,"href":"https:\/\/sibeag.ch\/fr\/wp-json\/wp\/v2\/product_brand?post=13519"},{"taxonomy":"product_cat","embeddable":true,"href":"https:\/\/sibeag.ch\/fr\/wp-json\/wp\/v2\/product_cat?post=13519"},{"taxonomy":"product_tag","embeddable":true,"href":"https:\/\/sibeag.ch\/fr\/wp-json\/wp\/v2\/product_tag?post=13519"}],"curies":[{"name":"wp","href":"https:\/\/api.w.org\/{rel}","templated":true}]}}