{"id":13565,"date":"2019-01-25T09:50:50","date_gmt":"2019-01-25T09:50:50","guid":{"rendered":"https:\/\/www.sibeag.ch\/shop\/non%20class\u00e9\/pieces-detachees-pour-lave-balles-par-aide\/"},"modified":"2026-02-18T16:14:28","modified_gmt":"2026-02-18T15:14:28","slug":"pieces-detachees-pour-lave-balles-par-aide","status":"publish","type":"product","link":"https:\/\/sibeag.ch\/fr\/parcours-de-golf\/depart\/lave-balles\/lave-balles-deluxe\/pieces-detachees-accessoires-pour-lave-balles-deluxe\/pieces-detachees-pour-lave-balles-par-aide\/","title":{"rendered":"Bouchon de vidange pour lave-balles Par Aide"},"content":{"rendered":"","protected":false},"excerpt":{"rendered":"<p><img loading=\"lazy\" decoding=\"async\" class=\"alignright size-medium wp-image-3355 paraide-logo\" src=\"https:\/\/www.sibeag.ch\/wp-content\/uploads\/ParAide-Logo-50x50.jpg\" alt=\"Logo Par Aide\" width=\"50\" height=\"50\"><\/p>\n<h1>Bouchon de vidange pour lave-balles Par Aide<\/h1>\n<ul>\n<li>joint d&rsquo;\u00e9tanch\u00e9it\u00e9 inclus<\/li>\n<\/ul>\n","protected":false},"featured_media":20466,"template":"","meta":{"_acf_changed":false},"product_brand":[],"product_cat":[961,966,980,1063,1062],"product_tag":[],"class_list":{"0":"entry","1":"author-sibegolf","2":"has-excerpt","3":"post-13565","4":"product","5":"type-product","6":"status-publish","7":"has-post-thumbnail","8":"product_cat-parcours-de-golf","9":"product_cat-depart","10":"product_cat-lave-balles","11":"product_cat-pieces-detachees-accessoires-pour-lave-balles-deluxe","12":"product_cat-pieces-detachees-accessoires-pour-lave-balles-master","14":"first","15":"instock","16":"taxable","17":"shipping-taxable","18":"purchasable","19":"product-type-simple"},"acf":[],"_links":{"self":[{"href":"https:\/\/sibeag.ch\/fr\/wp-json\/wp\/v2\/product\/13565","targetHints":{"allow":["GET"]}}],"collection":[{"href":"https:\/\/sibeag.ch\/fr\/wp-json\/wp\/v2\/product"}],"about":[{"href":"https:\/\/sibeag.ch\/fr\/wp-json\/wp\/v2\/types\/product"}],"wp:featuredmedia":[{"embeddable":true,"href":"https:\/\/sibeag.ch\/fr\/wp-json\/wp\/v2\/media\/20466"}],"wp:attachment":[{"href":"https:\/\/sibeag.ch\/fr\/wp-json\/wp\/v2\/media?parent=13565"}],"wp:term":[{"taxonomy":"product_brand","embeddable":true,"href":"https:\/\/sibeag.ch\/fr\/wp-json\/wp\/v2\/product_brand?post=13565"},{"taxonomy":"product_cat","embeddable":true,"href":"https:\/\/sibeag.ch\/fr\/wp-json\/wp\/v2\/product_cat?post=13565"},{"taxonomy":"product_tag","embeddable":true,"href":"https:\/\/sibeag.ch\/fr\/wp-json\/wp\/v2\/product_tag?post=13565"}],"curies":[{"name":"wp","href":"https:\/\/api.w.org\/{rel}","templated":true}]}}