{"id":13592,"date":"2019-01-25T09:51:38","date_gmt":"2019-02-07T15:29:21","guid":{"rendered":"https:\/\/www.sibeag.ch\/shop\/non%20class\u00e9\/ramasseur-de-carottes-core-hog\/"},"modified":"2026-02-18T17:08:44","modified_gmt":"2026-02-18T16:08:44","slug":"ramasseur-de-carottes-core-hog","status":"publish","type":"product","link":"https:\/\/sibeag.ch\/fr\/greenkeeping-fr\/traitement-des-greens\/aerateurs\/ramasseur-de-carottes-core-hog\/","title":{"rendered":"Ramasseur de carottes Core Hog"},"content":{"rendered":"","protected":false},"excerpt":{"rendered":"<p><img loading=\"lazy\" decoding=\"async\" class=\"alignright size-medium wp-image-3355 paraide-logo\" src=\"https:\/\/www.sibeag.ch\/wp-content\/uploads\/ParAide-Logo-50x50.jpg\" alt=\"Logo Par Aide\" width=\"50\" height=\"50\"><\/p>\n<h1>Ramasseur de carottes Core Hog<\/h1>\n<p>Le Core Hog est simplement attach\u00e9 \u00e0 une tondeuse de greens pour faciliter le ramassage des carottes du Green.<\/p>\n<ul>\n<li>Contact s\u00e9curis\u00e9 avec le green gr\u00e2ce \u00e0 un rail en plastique<\/li>\n<li>en acier galvanis\u00e9<\/li>\n<li>compatible avec Jacobsen PGM, TORO 1000, TORO Flex 21, John Deere 220, 220A et 180A<\/li>\n<\/ul>\n","protected":false},"featured_media":7229,"template":"","meta":{"_acf_changed":false},"product_brand":[],"product_cat":[1001,1028,2800,2801],"product_tag":[],"class_list":{"0":"entry","1":"author-sibegolf","2":"has-excerpt","3":"post-13592","4":"product","5":"type-product","6":"status-publish","7":"has-post-thumbnail","8":"product_cat-greenkeeping-fr","9":"product_cat-traitement-des-greens","10":"product_cat-aerateurs","11":"product_cat-aeration-du-sol","13":"first","14":"instock","15":"taxable","16":"shipping-taxable","17":"purchasable","18":"product-type-variable"},"acf":[],"_links":{"self":[{"href":"https:\/\/sibeag.ch\/fr\/wp-json\/wp\/v2\/product\/13592","targetHints":{"allow":["GET"]}}],"collection":[{"href":"https:\/\/sibeag.ch\/fr\/wp-json\/wp\/v2\/product"}],"about":[{"href":"https:\/\/sibeag.ch\/fr\/wp-json\/wp\/v2\/types\/product"}],"wp:featuredmedia":[{"embeddable":true,"href":"https:\/\/sibeag.ch\/fr\/wp-json\/wp\/v2\/media\/7229"}],"wp:attachment":[{"href":"https:\/\/sibeag.ch\/fr\/wp-json\/wp\/v2\/media?parent=13592"}],"wp:term":[{"taxonomy":"product_brand","embeddable":true,"href":"https:\/\/sibeag.ch\/fr\/wp-json\/wp\/v2\/product_brand?post=13592"},{"taxonomy":"product_cat","embeddable":true,"href":"https:\/\/sibeag.ch\/fr\/wp-json\/wp\/v2\/product_cat?post=13592"},{"taxonomy":"product_tag","embeddable":true,"href":"https:\/\/sibeag.ch\/fr\/wp-json\/wp\/v2\/product_tag?post=13592"}],"curies":[{"name":"wp","href":"https:\/\/api.w.org\/{rel}","templated":true}]}}