{"id":13604,"date":"2019-01-25T09:51:41","date_gmt":"2019-02-07T15:42:20","guid":{"rendered":"https:\/\/www.sibeag.ch\/shop\/non%20class\u00e9\/pieces-detachees-pour-hole-cutter-hio\/"},"modified":"2026-02-18T17:08:57","modified_gmt":"2026-02-18T16:08:57","slug":"pieces-detachees-pour-hole-cutter-hio","status":"publish","type":"product","link":"https:\/\/sibeag.ch\/fr\/greenkeeping-fr\/traitement-des-greens\/hole-cutters-accessoires\/pieces-detachees-pour-hole-cutter-hio\/","title":{"rendered":"Pi\u00e8ces d\u00e9tach\u00e9es pour Hole Cutter HiO"},"content":{"rendered":"","protected":false},"excerpt":{"rendered":"<p><img loading=\"lazy\" decoding=\"async\" src=\"https:\/\/www.sibeag.ch\/wp-content\/uploads\/ParAide-Logo-50x50.jpg\" alt=\"Logo Par Aide\" width=\"50\" height=\"50\" class=\"alignright size-medium wp-image-3355 paraide-logo\"><\/p>\n<h1>Ersatzteile zu HiO<\/h1>\n<\/p>\n<ul><\/ul>\n","protected":false},"featured_media":7333,"template":"","meta":{"_acf_changed":false},"product_brand":[],"product_cat":[1001,1028,1024,2163],"product_tag":[],"class_list":{"0":"entry","1":"author-sibegolf","2":"has-excerpt","3":"post-13604","4":"product","5":"type-product","6":"status-publish","7":"has-post-thumbnail","8":"product_cat-greenkeeping-fr","9":"product_cat-traitement-des-greens","10":"product_cat-hole-cutters-accessoires","11":"product_cat-pieces-detachees-pour-hole-cutters","13":"first","14":"instock","15":"taxable","16":"shipping-taxable","17":"purchasable","18":"product-type-variable"},"acf":[],"_links":{"self":[{"href":"https:\/\/sibeag.ch\/fr\/wp-json\/wp\/v2\/product\/13604","targetHints":{"allow":["GET"]}}],"collection":[{"href":"https:\/\/sibeag.ch\/fr\/wp-json\/wp\/v2\/product"}],"about":[{"href":"https:\/\/sibeag.ch\/fr\/wp-json\/wp\/v2\/types\/product"}],"wp:featuredmedia":[{"embeddable":true,"href":"https:\/\/sibeag.ch\/fr\/wp-json\/wp\/v2\/media\/7333"}],"wp:attachment":[{"href":"https:\/\/sibeag.ch\/fr\/wp-json\/wp\/v2\/media?parent=13604"}],"wp:term":[{"taxonomy":"product_brand","embeddable":true,"href":"https:\/\/sibeag.ch\/fr\/wp-json\/wp\/v2\/product_brand?post=13604"},{"taxonomy":"product_cat","embeddable":true,"href":"https:\/\/sibeag.ch\/fr\/wp-json\/wp\/v2\/product_cat?post=13604"},{"taxonomy":"product_tag","embeddable":true,"href":"https:\/\/sibeag.ch\/fr\/wp-json\/wp\/v2\/product_tag?post=13604"}],"curies":[{"name":"wp","href":"https:\/\/api.w.org\/{rel}","templated":true}]}}