{"id":13770,"date":"2019-01-25T09:56:02","date_gmt":"2019-02-07T15:50:56","guid":{"rendered":"https:\/\/www.sibeag.ch\/shop\/non%20class\u00e9\/marque-de-depart-pine-branch\/"},"modified":"2019-09-03T07:02:39","modified_gmt":"2019-09-03T07:02:39","slug":"marque-de-depart-pine-branch","status":"publish","type":"product","link":"https:\/\/sibeag.ch\/fr\/parcours-de-golf\/depart\/marques-de-depart\/marque-de-depart-pine-branch\/","title":{"rendered":"Marque de d\u00e9part Pine Branch"},"content":{"rendered":"","protected":false},"excerpt":{"rendered":"<p><img loading=\"lazy\" decoding=\"async\" class=\"alignright size-medium wp-image-3355 paraide-logo\" src=\"https:\/\/www.sibeag.ch\/wp-content\/uploads\/ParAide-Logo-50x50.jpg\" alt=\"Logo Par Aide\" width=\"50\" height=\"50\"><\/p>\n<h1>Marque de d\u00e9part Pine Branch<\/h1>\n<ul>\n<li>27 x 9 cm<\/li>\n<li>extr\u00e9mit\u00e9s biseaut\u00e9es<\/li>\n<li>avec deux pointes<\/li>\n<li>en r\u00e9sine extr\u00eamement durable<\/li>\n<\/ul>\n","protected":false},"featured_media":7779,"template":"","meta":{"_acf_changed":false},"product_brand":[],"product_cat":[961,966,1009],"product_tag":[2164,1910],"class_list":{"0":"entry","1":"author-sibegolf","2":"has-excerpt","3":"post-13770","4":"product","5":"type-product","6":"status-publish","7":"has-post-thumbnail","8":"product_cat-parcours-de-golf","9":"product_cat-depart","10":"product_cat-marques-de-depart","11":"product_tag-logo-fr","12":"product_tag-marques-de-depart","14":"first","15":"instock","16":"taxable","17":"shipping-taxable","18":"purchasable","19":"product-type-variable"},"acf":[],"_links":{"self":[{"href":"https:\/\/sibeag.ch\/fr\/wp-json\/wp\/v2\/product\/13770","targetHints":{"allow":["GET"]}}],"collection":[{"href":"https:\/\/sibeag.ch\/fr\/wp-json\/wp\/v2\/product"}],"about":[{"href":"https:\/\/sibeag.ch\/fr\/wp-json\/wp\/v2\/types\/product"}],"wp:featuredmedia":[{"embeddable":true,"href":"https:\/\/sibeag.ch\/fr\/wp-json\/wp\/v2\/media\/7779"}],"wp:attachment":[{"href":"https:\/\/sibeag.ch\/fr\/wp-json\/wp\/v2\/media?parent=13770"}],"wp:term":[{"taxonomy":"product_brand","embeddable":true,"href":"https:\/\/sibeag.ch\/fr\/wp-json\/wp\/v2\/product_brand?post=13770"},{"taxonomy":"product_cat","embeddable":true,"href":"https:\/\/sibeag.ch\/fr\/wp-json\/wp\/v2\/product_cat?post=13770"},{"taxonomy":"product_tag","embeddable":true,"href":"https:\/\/sibeag.ch\/fr\/wp-json\/wp\/v2\/product_tag?post=13770"}],"curies":[{"name":"wp","href":"https:\/\/api.w.org\/{rel}","templated":true}]}}