{"id":13804,"date":"2019-01-25T09:56:37","date_gmt":"2019-02-07T15:51:08","guid":{"rendered":"https:\/\/www.sibeag.ch\/shop\/non%20class\u00e9\/poteau-pour-montage\/"},"modified":"2026-02-18T17:11:19","modified_gmt":"2026-02-18T16:11:19","slug":"poteau-pour-montage","status":"publish","type":"product","link":"https:\/\/sibeag.ch\/fr\/parcours-de-golf\/depart\/ensembles-de-depart\/pieces-detachees-accessoires-pour-ensembles-de-depart\/poteau-pour-montage\/","title":{"rendered":"Poteau pour montage"},"content":{"rendered":"","protected":false},"excerpt":{"rendered":"<p><img loading=\"lazy\" decoding=\"async\" class=\"alignright size-medium wp-image-3355 paraide-logo\" src=\"https:\/\/www.sibeag.ch\/wp-content\/uploads\/ParAide-Logo-50x50.jpg\" alt=\"Logo Par Aide\" width=\"50\" height=\"50\"><\/p>\n<h1>Poteau pour montage<\/h1>\n<p>En combinaison avec le <strong>support de fixation PA3019<\/strong>, vous pouvez monter la poubelle Trash Mate \u00ae et le <strong>r\u00e9serve \u00e0 terreau Divot Mate<\/strong> sur ces poteaux. Vous pouvez \u00e9galement monter <strong>n&rsquo;importe quelle lave-balles<\/strong> et la <strong>base portable ronde PA310<\/strong>donne les poteaux la stabilit\u00e9 n\u00e9cessaire. En plus vous pouvez \u00e9galement attacher le <strong>lave-club PA250<\/strong> \u00e0 ces poteaux en combinaison avec le <strong>support PA275<\/strong> .<\/p>\n<ul>\n<li>6 cm de diam\u00e8tre ext\u00e9rieur<\/li>\n<li>au rev\u00eatement par poudre<\/li>\n<\/ul>\n","protected":false},"featured_media":7547,"template":"","meta":{"_acf_changed":false},"product_brand":[],"product_cat":[962,2762,1023,964,961,966,1022,1065,980,1071,1039],"product_tag":[],"class_list":{"0":"entry","1":"author-sibegolf","2":"has-excerpt","3":"post-13804","4":"product","5":"type-product","6":"status-publish","7":"has-post-thumbnail","8":"product_cat-club-house","9":"product_cat-entree","10":"product_cat-pieces-detachees-accessoires-pour-poubelles-fr-2","11":"product_cat-practice-driving-range","12":"product_cat-parcours-de-golf","13":"product_cat-depart","14":"product_cat-pieces-detachees-accessoires-pour-poubelles-fr","15":"product_cat-pieces-detachees-accessoires-pour-ensembles-de-depart","16":"product_cat-lave-balles","17":"product_cat-accessoires-fr","18":"product_cat-pieces-detachees-accessoires-pour-conteneurs-de-semence","20":"first","21":"instock","22":"taxable","23":"shipping-taxable","24":"purchasable","25":"product-type-variable"},"acf":[],"_links":{"self":[{"href":"https:\/\/sibeag.ch\/fr\/wp-json\/wp\/v2\/product\/13804","targetHints":{"allow":["GET"]}}],"collection":[{"href":"https:\/\/sibeag.ch\/fr\/wp-json\/wp\/v2\/product"}],"about":[{"href":"https:\/\/sibeag.ch\/fr\/wp-json\/wp\/v2\/types\/product"}],"wp:featuredmedia":[{"embeddable":true,"href":"https:\/\/sibeag.ch\/fr\/wp-json\/wp\/v2\/media\/7547"}],"wp:attachment":[{"href":"https:\/\/sibeag.ch\/fr\/wp-json\/wp\/v2\/media?parent=13804"}],"wp:term":[{"taxonomy":"product_brand","embeddable":true,"href":"https:\/\/sibeag.ch\/fr\/wp-json\/wp\/v2\/product_brand?post=13804"},{"taxonomy":"product_cat","embeddable":true,"href":"https:\/\/sibeag.ch\/fr\/wp-json\/wp\/v2\/product_cat?post=13804"},{"taxonomy":"product_tag","embeddable":true,"href":"https:\/\/sibeag.ch\/fr\/wp-json\/wp\/v2\/product_tag?post=13804"}],"curies":[{"name":"wp","href":"https:\/\/api.w.org\/{rel}","templated":true}]}}