{"id":13865,"date":"2019-01-25T09:57:59","date_gmt":"2019-02-07T16:13:09","guid":{"rendered":"https:\/\/www.sibeag.ch\/shop\/non%20class\u00e9\/hampe-de-drapeau-tournament-360-prism\/"},"modified":"2026-02-18T17:12:05","modified_gmt":"2026-02-18T16:12:05","slug":"hampe-de-drapeau-tournament-360-prism","status":"publish","type":"product","link":"https:\/\/sibeag.ch\/fr\/parcours-de-golf\/green-fr\/hampes-de-drapeaux\/hampe-de-drapeau-tournament-360-prism\/","title":{"rendered":"Hampe de drapeau Tournament 360 Prism"},"content":{"rendered":"","protected":false},"excerpt":{"rendered":"<p><img loading=\"lazy\" decoding=\"async\" class=\"alignright size-medium wp-image-3355 paraide-logo\" src=\"https:\/\/www.sibeag.ch\/wp-content\/uploads\/ParAide-Logo-50x50.jpg\" alt=\"Logo Par Aide\" width=\"50\" height=\"50\"><\/p>\n<h1>Hampe de drapeau Tournament 360 Prism<\/h1>\n<ul>\n<li>2.3 m de long<\/li>\n<li>les r\u00e9flecteurs int\u00e9gr\u00e9s de haute qualit\u00e9 permettent des lectures pr\u00e9cises en utilisant un laser<\/li>\n<\/ul>\n","protected":false},"featured_media":7353,"template":"","meta":{"_acf_changed":false},"product_brand":[],"product_cat":[961,971,978],"product_tag":[1913],"class_list":{"0":"entry","1":"author-sibegolf","2":"has-excerpt","3":"post-13865","4":"product","5":"type-product","6":"status-publish","7":"has-post-thumbnail","8":"product_cat-parcours-de-golf","9":"product_cat-green-fr","10":"product_cat-hampes-de-drapeaux","11":"product_tag-hampes-de-drapeaux","12":"product_shipping_class-objets-encombrants","14":"first","15":"instock","16":"taxable","17":"shipping-taxable","18":"purchasable","19":"product-type-variable"},"acf":[],"_links":{"self":[{"href":"https:\/\/sibeag.ch\/fr\/wp-json\/wp\/v2\/product\/13865","targetHints":{"allow":["GET"]}}],"collection":[{"href":"https:\/\/sibeag.ch\/fr\/wp-json\/wp\/v2\/product"}],"about":[{"href":"https:\/\/sibeag.ch\/fr\/wp-json\/wp\/v2\/types\/product"}],"wp:featuredmedia":[{"embeddable":true,"href":"https:\/\/sibeag.ch\/fr\/wp-json\/wp\/v2\/media\/7353"}],"wp:attachment":[{"href":"https:\/\/sibeag.ch\/fr\/wp-json\/wp\/v2\/media?parent=13865"}],"wp:term":[{"taxonomy":"product_brand","embeddable":true,"href":"https:\/\/sibeag.ch\/fr\/wp-json\/wp\/v2\/product_brand?post=13865"},{"taxonomy":"product_cat","embeddable":true,"href":"https:\/\/sibeag.ch\/fr\/wp-json\/wp\/v2\/product_cat?post=13865"},{"taxonomy":"product_tag","embeddable":true,"href":"https:\/\/sibeag.ch\/fr\/wp-json\/wp\/v2\/product_tag?post=13865"}],"curies":[{"name":"wp","href":"https:\/\/api.w.org\/{rel}","templated":true}]}}