{"id":13873,"date":"2019-01-25T09:58:40","date_gmt":"2019-02-07T16:13:15","guid":{"rendered":"https:\/\/www.sibeag.ch\/shop\/non%20class\u00e9\/ensemble-divot-mate\/"},"modified":"2019-02-15T13:58:26","modified_gmt":"2019-02-15T13:58:26","slug":"console-divot-mate","status":"publish","type":"product","link":"https:\/\/sibeag.ch\/fr\/parcours-de-golf\/depart\/conteneurs-de-semence\/console-divot-mate\/","title":{"rendered":"Ensemble Divot Mate"},"content":{"rendered":"","protected":false},"excerpt":{"rendered":"<p><img loading=\"lazy\" decoding=\"async\" class=\"alignright size-medium wp-image-3355 paraide-logo\" src=\"https:\/\/www.sibeag.ch\/wp-content\/uploads\/ParAide-Logo-50x50.jpg\" alt=\"Logo Par Aide\" width=\"50\" height=\"50\"><\/p>\n<h1>Ensemble Divot Mate<\/h1>\n<p>Ensemble avec une r\u00e9serve \u00e0 terreau Divot Mate et un lave-clubs mont\u00e9 sur un poteau (61 cm) avec une base portable ronde.<\/p>\n","protected":false},"featured_media":7449,"template":"","meta":{"_acf_changed":false},"product_brand":[],"product_cat":[961,966,968],"product_tag":[1912],"class_list":{"0":"entry","1":"author-sibegolf","2":"has-excerpt","3":"post-13873","4":"product","5":"type-product","6":"status-publish","7":"has-post-thumbnail","8":"product_cat-parcours-de-golf","9":"product_cat-depart","10":"product_cat-conteneurs-de-semence","11":"product_tag-conteneurs-de-semence","13":"first","14":"instock","15":"featured","16":"taxable","17":"shipping-taxable","18":"product-type-variable"},"acf":[],"_links":{"self":[{"href":"https:\/\/sibeag.ch\/fr\/wp-json\/wp\/v2\/product\/13873","targetHints":{"allow":["GET"]}}],"collection":[{"href":"https:\/\/sibeag.ch\/fr\/wp-json\/wp\/v2\/product"}],"about":[{"href":"https:\/\/sibeag.ch\/fr\/wp-json\/wp\/v2\/types\/product"}],"wp:featuredmedia":[{"embeddable":true,"href":"https:\/\/sibeag.ch\/fr\/wp-json\/wp\/v2\/media\/7449"}],"wp:attachment":[{"href":"https:\/\/sibeag.ch\/fr\/wp-json\/wp\/v2\/media?parent=13873"}],"wp:term":[{"taxonomy":"product_brand","embeddable":true,"href":"https:\/\/sibeag.ch\/fr\/wp-json\/wp\/v2\/product_brand?post=13873"},{"taxonomy":"product_cat","embeddable":true,"href":"https:\/\/sibeag.ch\/fr\/wp-json\/wp\/v2\/product_cat?post=13873"},{"taxonomy":"product_tag","embeddable":true,"href":"https:\/\/sibeag.ch\/fr\/wp-json\/wp\/v2\/product_tag?post=13873"}],"curies":[{"name":"wp","href":"https:\/\/api.w.org\/{rel}","templated":true}]}}