{"id":13896,"date":"2019-01-25T10:00:17","date_gmt":"2019-02-07T16:16:21","guid":{"rendered":"https:\/\/www.sibeag.ch\/shop\/non%20class\u00e9\/cible-putting-green-junior\/"},"modified":"2019-09-23T07:10:07","modified_gmt":"2019-09-23T07:10:07","slug":"cible-putting-green-junior","status":"publish","type":"product","link":"https:\/\/sibeag.ch\/fr\/putting-green-fr\/cibles-entrainement\/cible-putting-green-junior\/","title":{"rendered":"Cible Putting Green Junior"},"content":{"rendered":"","protected":false},"excerpt":{"rendered":"<p><img loading=\"lazy\" decoding=\"async\" class=\"alignright size-medium wp-image-3355 paraide-logo\" src=\"https:\/\/www.sibeag.ch\/wp-content\/uploads\/ParAide-Logo-50x50.jpg\" alt=\"Logo Par Aide\" width=\"50\" height=\"50\"><\/p>\n<h1>Cible Putting Green Junior<\/h1>\n<p>\u00c9quip\u00e9es avec une pointe, ces hampes de Putting peuvent \u00eatre facilement placer sans avoir besoin de couper un trou.<\/p>\n<ul>\n<li>81 cm de hauteur<\/li>\n<li>inclus dans le set: fanions, hampes de Putting Green (\u00f8 1 cm), embase et pointe<\/li>\n<li>set de 9 pi\u00e8ces<\/li>\n<\/ul>\n","protected":false},"featured_media":7575,"template":"","meta":{"_acf_changed":false},"product_brand":[],"product_cat":[1004,1060,1008],"product_tag":[],"class_list":{"0":"entry","1":"author-sibegolf","2":"has-excerpt","3":"post-13896","4":"product","5":"type-product","6":"status-publish","7":"has-post-thumbnail","8":"product_cat-putting-green-fr","9":"product_cat-systemes-complets","10":"product_cat-cibles-entrainement","12":"first","13":"instock","14":"taxable","15":"shipping-taxable","16":"product-type-variable"},"acf":[],"_links":{"self":[{"href":"https:\/\/sibeag.ch\/fr\/wp-json\/wp\/v2\/product\/13896","targetHints":{"allow":["GET"]}}],"collection":[{"href":"https:\/\/sibeag.ch\/fr\/wp-json\/wp\/v2\/product"}],"about":[{"href":"https:\/\/sibeag.ch\/fr\/wp-json\/wp\/v2\/types\/product"}],"wp:featuredmedia":[{"embeddable":true,"href":"https:\/\/sibeag.ch\/fr\/wp-json\/wp\/v2\/media\/7575"}],"wp:attachment":[{"href":"https:\/\/sibeag.ch\/fr\/wp-json\/wp\/v2\/media?parent=13896"}],"wp:term":[{"taxonomy":"product_brand","embeddable":true,"href":"https:\/\/sibeag.ch\/fr\/wp-json\/wp\/v2\/product_brand?post=13896"},{"taxonomy":"product_cat","embeddable":true,"href":"https:\/\/sibeag.ch\/fr\/wp-json\/wp\/v2\/product_cat?post=13896"},{"taxonomy":"product_tag","embeddable":true,"href":"https:\/\/sibeag.ch\/fr\/wp-json\/wp\/v2\/product_tag?post=13896"}],"curies":[{"name":"wp","href":"https:\/\/api.w.org\/{rel}","templated":true}]}}