{"id":14068,"date":"2019-01-25T10:03:38","date_gmt":"2019-02-07T17:03:42","guid":{"rendered":"https:\/\/www.sibeag.ch\/shop\/non class\u00e9\/marqueur-de-distance-en-bois\/"},"modified":"2019-02-07T17:03:42","modified_gmt":"2019-02-07T17:03:42","slug":"marqueur-de-distance-en-bois","status":"publish","type":"product","link":"https:\/\/sibeag.ch\/fr\/parcours-de-golf\/fairway-fr\/marques-de-distance\/marqueurs-de-distance\/marqueur-de-distance-en-bois\/","title":{"rendered":"Marqueur de distance en bois"},"content":{"rendered":"","protected":false},"excerpt":{"rendered":"<p><img decoding=\"async\" class=\"alignright size-medium wp-image-3355 pattisson\" src=\"https:\/\/www.sibeag.ch\/wp-content\/uploads\/Pattisson_Logo.jpg\" alt=\"Logo Pattisson\" width=\"78px\"><\/p>\n<h1>Marqueur de distance en bois<\/h1>\n<ul>\n<li>100 x 5 x 5 cm<\/li>\n<li>num\u00e9ros grav\u00e9s sur les deux c\u00f4t\u00e9s<\/li>\n<li>en teck<\/li>\n<\/ul>\n","protected":false},"featured_media":11344,"template":"","meta":{"_acf_changed":false},"product_brand":[],"product_cat":[961,969,990,1048],"product_tag":[],"class_list":{"0":"entry","1":"author-sibegolf","2":"has-excerpt","3":"post-14068","4":"product","5":"type-product","6":"status-publish","7":"has-post-thumbnail","8":"product_cat-parcours-de-golf","9":"product_cat-fairway-fr","10":"product_cat-marques-de-distance","11":"product_cat-marqueurs-de-distance","13":"first","14":"instock","15":"taxable","16":"shipping-taxable","17":"product-type-variable"},"acf":[],"_links":{"self":[{"href":"https:\/\/sibeag.ch\/fr\/wp-json\/wp\/v2\/product\/14068","targetHints":{"allow":["GET"]}}],"collection":[{"href":"https:\/\/sibeag.ch\/fr\/wp-json\/wp\/v2\/product"}],"about":[{"href":"https:\/\/sibeag.ch\/fr\/wp-json\/wp\/v2\/types\/product"}],"wp:featuredmedia":[{"embeddable":true,"href":"https:\/\/sibeag.ch\/fr\/wp-json\/wp\/v2\/media\/11344"}],"wp:attachment":[{"href":"https:\/\/sibeag.ch\/fr\/wp-json\/wp\/v2\/media?parent=14068"}],"wp:term":[{"taxonomy":"product_brand","embeddable":true,"href":"https:\/\/sibeag.ch\/fr\/wp-json\/wp\/v2\/product_brand?post=14068"},{"taxonomy":"product_cat","embeddable":true,"href":"https:\/\/sibeag.ch\/fr\/wp-json\/wp\/v2\/product_cat?post=14068"},{"taxonomy":"product_tag","embeddable":true,"href":"https:\/\/sibeag.ch\/fr\/wp-json\/wp\/v2\/product_tag?post=14068"}],"curies":[{"name":"wp","href":"https:\/\/api.w.org\/{rel}","templated":true}]}}