{"id":14112,"date":"2019-01-25T10:07:13","date_gmt":"2019-02-07T19:48:05","guid":{"rendered":"https:\/\/www.sibeag.ch\/shop\/non%20class\u00e9\/station-deau-water-pro\/"},"modified":"2024-11-30T10:38:22","modified_gmt":"2024-11-30T09:38:22","slug":"station-deau-water-pro","status":"publish","type":"product","link":"https:\/\/sibeag.ch\/fr\/parcours-de-golf\/fairway-fr\/stations-deau-fr\/station-deau-water-pro\/","title":{"rendered":"Station d&rsquo;eau Water Pro"},"content":{"rendered":"","protected":false},"excerpt":{"rendered":"<p><img loading=\"lazy\" decoding=\"async\" class=\"alignright size-medium wp-image-3355 paraide-logo\" src=\"https:\/\/www.sibeag.ch\/wp-content\/uploads\/ParAide-Logo-50x50.jpg\" alt=\"Logo Par Aide\" width=\"50\" height=\"50\"><\/p>\n<h1>Station d&rsquo;eau Water Pro<\/h1>\n<ul>\n<li>71 x 56 x 173 cm (L x P x H)<\/li>\n<li>contient un r\u00e9servoir r\u00e9frig\u00e9rant Igloo 38 litres, un distributeur de gobelets et un cadre pour un sac plastique<\/li>\n<li>en plastique recycl\u00e9<\/li>\n<\/ul>\n","protected":false},"featured_media":7823,"template":"","meta":{"_acf_changed":false},"product_brand":[],"product_cat":[961,966,1036,969,1037],"product_tag":[1938,2939],"class_list":{"0":"entry","1":"author-sibegolf","2":"has-excerpt","3":"post-14112","4":"product","5":"type-product","6":"status-publish","7":"has-post-thumbnail","8":"product_cat-parcours-de-golf","9":"product_cat-depart","10":"product_cat-stations-deau","11":"product_cat-fairway-fr","12":"product_cat-stations-deau-fr","13":"product_tag-stations-deau","14":"product_tag-sur-demande","16":"first","17":"instock","18":"taxable","19":"shipping-taxable","20":"purchasable","21":"product-type-variable"},"acf":[],"_links":{"self":[{"href":"https:\/\/sibeag.ch\/fr\/wp-json\/wp\/v2\/product\/14112","targetHints":{"allow":["GET"]}}],"collection":[{"href":"https:\/\/sibeag.ch\/fr\/wp-json\/wp\/v2\/product"}],"about":[{"href":"https:\/\/sibeag.ch\/fr\/wp-json\/wp\/v2\/types\/product"}],"wp:featuredmedia":[{"embeddable":true,"href":"https:\/\/sibeag.ch\/fr\/wp-json\/wp\/v2\/media\/7823"}],"wp:attachment":[{"href":"https:\/\/sibeag.ch\/fr\/wp-json\/wp\/v2\/media?parent=14112"}],"wp:term":[{"taxonomy":"product_brand","embeddable":true,"href":"https:\/\/sibeag.ch\/fr\/wp-json\/wp\/v2\/product_brand?post=14112"},{"taxonomy":"product_cat","embeddable":true,"href":"https:\/\/sibeag.ch\/fr\/wp-json\/wp\/v2\/product_cat?post=14112"},{"taxonomy":"product_tag","embeddable":true,"href":"https:\/\/sibeag.ch\/fr\/wp-json\/wp\/v2\/product_tag?post=14112"}],"curies":[{"name":"wp","href":"https:\/\/api.w.org\/{rel}","templated":true}]}}