{"id":14174,"date":"2019-01-25T10:09:18","date_gmt":"2019-02-07T20:02:24","guid":{"rendered":"https:\/\/www.sibeag.ch\/shop\/non%20class\u00e9\/lave-balles-bt1950\/"},"modified":"2026-02-18T17:14:05","modified_gmt":"2026-02-18T16:14:05","slug":"lave-balles-bt1950","status":"publish","type":"product","link":"https:\/\/sibeag.ch\/fr\/practice-driving-range\/systeme-de-gestion-de-balles\/lave-balles-fr\/lave-balles-bt1950\/","title":{"rendered":"Lave-balles BT1950"},"content":{"rendered":"","protected":false},"excerpt":{"rendered":"<p><img decoding=\"async\" class=\"alignright size-medium wp-image-3355 range-servant-logo\" src=\"https:\/\/www.sibeag.ch\/wp-content\/uploads\/range-servant-logo.jpg\" alt=\"Logo Range Servant\"><\/p>\n<h1>Lave-balles BT1950<\/h1>\n<ul>\n<li>capacit\u00e9 de 24&rsquo;000 balles par heure<\/li>\n<li>avec un bac et une \u00e9vacuation<\/li>\n<li>avec r\u00e9servoir pour 1&rsquo;000 balles ou avec tr\u00e9mie XL jusqu&rsquo;\u00e0 3&rsquo;000 balles<\/li>\n<li>nettoyage et maintenance de la machine est tr\u00e8s simple<\/li>\n<\/ul>\n","protected":false},"featured_media":10830,"template":"","meta":{"_acf_changed":false},"product_brand":[],"product_cat":[964,1073,1074],"product_tag":[1928,2939],"class_list":{"0":"entry","1":"author-sibegolf","2":"has-excerpt","3":"post-14174","4":"product","5":"type-product","6":"status-publish","7":"has-post-thumbnail","8":"product_cat-practice-driving-range","9":"product_cat-lave-balles-fr","10":"product_cat-lave-balles-bt1950","11":"product_tag-lave-balles","12":"product_tag-sur-demande","14":"first","15":"instock","16":"taxable","17":"shipping-taxable","18":"purchasable","19":"product-type-variable"},"acf":[],"_links":{"self":[{"href":"https:\/\/sibeag.ch\/fr\/wp-json\/wp\/v2\/product\/14174","targetHints":{"allow":["GET"]}}],"collection":[{"href":"https:\/\/sibeag.ch\/fr\/wp-json\/wp\/v2\/product"}],"about":[{"href":"https:\/\/sibeag.ch\/fr\/wp-json\/wp\/v2\/types\/product"}],"wp:featuredmedia":[{"embeddable":true,"href":"https:\/\/sibeag.ch\/fr\/wp-json\/wp\/v2\/media\/10830"}],"wp:attachment":[{"href":"https:\/\/sibeag.ch\/fr\/wp-json\/wp\/v2\/media?parent=14174"}],"wp:term":[{"taxonomy":"product_brand","embeddable":true,"href":"https:\/\/sibeag.ch\/fr\/wp-json\/wp\/v2\/product_brand?post=14174"},{"taxonomy":"product_cat","embeddable":true,"href":"https:\/\/sibeag.ch\/fr\/wp-json\/wp\/v2\/product_cat?post=14174"},{"taxonomy":"product_tag","embeddable":true,"href":"https:\/\/sibeag.ch\/fr\/wp-json\/wp\/v2\/product_tag?post=14174"}],"curies":[{"name":"wp","href":"https:\/\/api.w.org\/{rel}","templated":true}]}}