{"id":14221,"date":"2019-01-25T10:11:31","date_gmt":"2019-02-07T20:11:46","guid":{"rendered":"https:\/\/www.sibeag.ch\/shop\/non%20class\u00e9\/sarel-spiker\/"},"modified":"2024-11-30T10:14:21","modified_gmt":"2024-11-30T09:14:21","slug":"sarel-spiker-2","status":"publish","type":"product","link":"https:\/\/sibeag.ch\/fr\/greenkeeping-fr\/traitement-des-greens\/aeration-du-sol\/sarel-spiker-2\/","title":{"rendered":"Sarel Spiker"},"content":{"rendered":"","protected":false},"excerpt":{"rendered":"<p><img loading=\"lazy\" decoding=\"async\" class=\"alignright wp-image-3355 bms-logo\" src=\"https:\/\/www.sibeag.ch\/wp-content\/uploads\/bms-logo.jpg\" alt=\"Logo BMS\" width=\"109\" height=\"53\"><\/p>\n<h1>Sarel Spiker<\/h1>\n<p>Le Sarel Spiker est disponible en trois dimensions et assure une a\u00e9ration du sol id\u00e9ale. Favorise la p\u00e9n\u00e9tration de l\u2019eau et de l\u2019air et am\u00e9liore la croissance des racines pendant le semis et l\u2019entretien g\u00e9n\u00e9ral de la pelouse.<\/p>\n<p>Les pointes pleines ont un diam\u00e8tre de 6 mm et une longueur de 45 mm. Chaque pointe est interchangeable et fix\u00e9e \u00e0 l\u2019aide d\u2019un contre-\u00e9crou. Un rouleau d\u2019un diam\u00e8tre de 115 mm est coupl\u00e9 \u00e0 chaque appareil pour le transport sur des surfaces dures et pour l\u2019utilisation comme outil de roulage de sol.<\/p>\n<ul>\n<li>250 trous par m\u00e8tre carr\u00e9<\/li>\n<li>Taille de la dent 45 x 6 mm, rempla\u00e7able<\/li>\n<li>comprend un rouleau de transport et une manche en forme \u00ab\u00a0T\u00a0\u00bb<\/li>\n<\/ul>\n","protected":false},"featured_media":11324,"template":"","meta":{"_acf_changed":false},"product_brand":[],"product_cat":[1001,1028,2801,1025,2956],"product_tag":[],"class_list":{"0":"entry","1":"author-sibegolf","2":"has-excerpt","3":"post-14221","4":"product","5":"type-product","6":"status-publish","7":"has-post-thumbnail","8":"product_cat-greenkeeping-fr","9":"product_cat-traitement-des-greens","10":"product_cat-aeration-du-sol","11":"product_cat-outils-dentretien","12":"product_cat-aeration","13":"product_shipping_class-objets-encombrants","15":"first","16":"instock","17":"taxable","18":"shipping-taxable","19":"purchasable","20":"product-type-variable"},"acf":[],"_links":{"self":[{"href":"https:\/\/sibeag.ch\/fr\/wp-json\/wp\/v2\/product\/14221","targetHints":{"allow":["GET"]}}],"collection":[{"href":"https:\/\/sibeag.ch\/fr\/wp-json\/wp\/v2\/product"}],"about":[{"href":"https:\/\/sibeag.ch\/fr\/wp-json\/wp\/v2\/types\/product"}],"wp:featuredmedia":[{"embeddable":true,"href":"https:\/\/sibeag.ch\/fr\/wp-json\/wp\/v2\/media\/11324"}],"wp:attachment":[{"href":"https:\/\/sibeag.ch\/fr\/wp-json\/wp\/v2\/media?parent=14221"}],"wp:term":[{"taxonomy":"product_brand","embeddable":true,"href":"https:\/\/sibeag.ch\/fr\/wp-json\/wp\/v2\/product_brand?post=14221"},{"taxonomy":"product_cat","embeddable":true,"href":"https:\/\/sibeag.ch\/fr\/wp-json\/wp\/v2\/product_cat?post=14221"},{"taxonomy":"product_tag","embeddable":true,"href":"https:\/\/sibeag.ch\/fr\/wp-json\/wp\/v2\/product_tag?post=14221"}],"curies":[{"name":"wp","href":"https:\/\/api.w.org\/{rel}","templated":true}]}}